{"id":99,"date":"2024-07-16T22:13:51","date_gmt":"2024-07-16T20:13:51","guid":{"rendered":"https:\/\/domaine-lafond.com\/?page_id=99"},"modified":"2024-10-11T22:48:26","modified_gmt":"2024-10-11T20:48:26","slug":"lirac-rouge-ferme-romaine","status":"publish","type":"page","link":"https:\/\/domaine-lafond.com\/index.php\/lirac-rouge-ferme-romaine\/","title":{"rendered":"LIRAC ROUGE FERME ROMAINE"},"content":{"rendered":"\n<div class=\"wp-block-media-text is-stacked-on-mobile\" style=\"grid-template-columns:20% auto\"><figure class=\"wp-block-media-text__media\"><img loading=\"lazy\" decoding=\"async\" width=\"271\" height=\"921\" src=\"https:\/\/domaine-lafond.com\/wp-content\/uploads\/2024\/07\/LiracRFermeRomaine.jpg\" alt=\"\" class=\"wp-image-100 size-full\" srcset=\"https:\/\/domaine-lafond.com\/wp-content\/uploads\/2024\/07\/LiracRFermeRomaine.jpg 271w, https:\/\/domaine-lafond.com\/wp-content\/uploads\/2024\/07\/LiracRFermeRomaine-88x300.jpg 88w\" sizes=\"auto, (max-width: 271px) 100vw, 271px\" \/><\/figure><div class=\"wp-block-media-text__content\">\n<p class=\"has-text-align-center has-large-font-size\"><strong><mark style=\"background-color:rgba(0, 0, 0, 0)\" class=\"has-inline-color has-ast-global-color-1-color\">LIRAC ROUGE<\/mark><\/strong><\/p>\n\n\n\n<p class=\"has-text-align-center has-medium-font-size\"><strong><mark style=\"background-color:rgba(0, 0, 0, 0)\" class=\"has-inline-color has-ast-global-color-1-color\">\u00ab La Ferme Romaine \u00bb<\/mark><\/strong><\/p>\n\n\n\n<figure class=\"wp-block-image size-full is-resized\"><a href=\"https:\/\/domaine-lafond.com\/vins\/liracfermeromaine_fr.pdf\" target=\"_blank\" rel=\"noreferrer noopener\"><img loading=\"lazy\" decoding=\"async\" width=\"225\" height=\"225\" src=\"http:\/\/domaine-lafond.com\/wp-content\/uploads\/2024\/10\/pdfb.png\" alt=\"\" class=\"wp-image-216\" style=\"width:60px\" srcset=\"https:\/\/domaine-lafond.com\/wp-content\/uploads\/2024\/10\/pdfb.png 225w, https:\/\/domaine-lafond.com\/wp-content\/uploads\/2024\/10\/pdfb-150x150.png 150w\" sizes=\"auto, (max-width: 225px) 100vw, 225px\" \/><\/a><\/figure>\n\n\n\n<p><\/p>\n\n\n\n<p><strong><mark style=\"background-color:rgba(0, 0, 0, 0)\" class=\"has-inline-color has-ast-global-color-1-color\">PR\u00c9SENTATION DU VIN : <\/mark><\/strong>De vieux grenaches sur safres constituent la trame raffin\u00e9e<br>de ce vin aux faux airs bourguignons. L\u00e9g\u00e8rement floral et d\u00e9finitivement fruits rouges,<br>ce lirac combine admirablement la richesse m\u00e9ridionale et la finesse d\u2019un \u00e9levage sur<br>mesure. D\u00e9j\u00e0 savoureux, mais construit pour la garde, ce vin est un bel exemple du grand<br>potentiel de la r\u00e9gion.<\/p>\n\n\n\n<p><strong><mark style=\"background-color:rgba(0, 0, 0, 0)\" class=\"has-inline-color has-ast-global-color-1-color\">C\u00c9PAGES : <\/mark><\/strong>Grenache 65%, syrah 30%, mourv\u00e8dre 5%.<\/p>\n\n\n\n<p><strong><mark style=\"background-color:rgba(0, 0, 0, 0)\" class=\"has-inline-color has-ast-global-color-1-color\">NATURE DU SOL : <\/mark><\/strong>Caillouteux, sablonneux sur des terrasses rouges de galets roul\u00e9s.<\/p>\n\n\n\n<p><strong><mark style=\"background-color:rgba(0, 0, 0, 0)\" class=\"has-inline-color has-ast-global-color-1-color\">CLIMAT : <\/mark><\/strong>Temp\u00e9r\u00e9 chaud, m\u00e9diterran\u00e9en et tr\u00e8s vent\u00e9, LIRAC est situ\u00e9 dans l\u2019axe de la<br>vall\u00e9e du Rh\u00f4ne.<br>Pluviosit\u00e9 r\u00e9duite, ensoleillement de 2700 heures\/an en moyenne.<\/p>\n\n\n\n<p><strong><mark style=\"background-color:rgba(0, 0, 0, 0)\" class=\"has-inline-color has-ast-global-color-1-color\">AGE MOYEN DES VIGNES : <\/mark><\/strong>30 ans.<\/p>\n\n\n\n<p><strong><mark style=\"background-color:rgba(0, 0, 0, 0)\" class=\"has-inline-color has-ast-global-color-1-color\">VENDANGES : <\/mark><\/strong>Le raisin est ramass\u00e9 en totalit\u00e9 \u00e0 la main, dans un but qualitatif. Les<br>grappes tri\u00e9es par le vendangeur, arrivent intactes \u00e0 la cave \u00e9vitant ainsi tout ph\u00e9nom\u00e8ne<br>d\u2019oxydation. En outre, le ramassage manuel pr\u00e9serve l\u2019\u00e9tat des souches donc l\u2019avenir du<br>vignoble.<\/p>\n\n\n\n<p><strong><mark style=\"background-color:rgba(0, 0, 0, 0)\" class=\"has-inline-color has-ast-global-color-1-color\">M\u00c9THODE DE VINIFICATION : <\/mark><\/strong>Ce Lirac est un parcellaire sur des terroirs de sable et de<br>galets roul\u00e9s Egrappage en totalit\u00e9, cuvaison longue 21 jours, ce qui permet d\u2019obtenir des<br>tanins souples et bien pr\u00e9sents ; pressurage, puis fin de fermentation et conservation en<br>cuve inox jusqu\u2019au 1er soutirage. Ensuite, nous proc\u00e9dons \u00e0 l\u2019\u00e9levage en barriques neuves,<br>de chauffe moyenne, de janvier \u00e0 octobre, afin d\u2019assouplir les tanins, d\u2019oxyg\u00e9ner le vin, et<br>d\u2019apporter une touche vanill\u00e9e qui \u00abse fondra\u00bb avec la structure du vin au fil des mois.<\/p>\n\n\n\n<p><strong><mark style=\"background-color:rgba(0, 0, 0, 0)\" class=\"has-inline-color has-ast-global-color-1-color\">BOUQUET : <\/mark><\/strong>Vin puissant et charpent\u00e9, d\u2019une couleur rubis tr\u00e8s soutenue \u00e0 nuance<br>violette. Il offre un nez complexe de cannelle, de fruits cuits et de griottes. Apr\u00e8s une<br>attaque ample et ferme, la bouche exprime des nuances vanill\u00e9es et poivr\u00e9es qui<br>persistent jusqu\u2019au final. C\u2019est un vin souple et riche d\u2019une tr\u00e8s bonne longueur.<\/p>\n\n\n\n<p><strong><mark style=\"background-color:rgba(0, 0, 0, 0)\" class=\"has-inline-color has-ast-global-color-1-color\">A CONSOMMER AVEC : <\/mark><\/strong>Avec charcuterie, viandes rouges, gibiers et fromages.<\/p>\n\n\n\n<p><strong><mark style=\"background-color:rgba(0, 0, 0, 0)\" class=\"has-inline-color has-ast-global-color-1-color\">CONSERVATION : <\/mark><\/strong>Le vin aime \u00eatre conserv\u00e9 en lieu sombre, \u00e0 temp\u00e9rature et hygrom\u00e9trie constante. La fra\u00eecheur<br>est son alli\u00e9 d\u2019autant plus que l\u2019altitude. Pour des conditions optimales de conservation, nous vous conseillons de<br>garder vos bouteilles \u00e0 une temp\u00e9rature maximale de 16\u00b0C, et entre 70 et 85% d\u2019humidit\u00e9.<\/p>\n<\/div><\/div>\n","protected":false},"excerpt":{"rendered":"","protected":false},"author":1,"featured_media":0,"parent":0,"menu_order":0,"comment_status":"closed","ping_status":"closed","template":"","meta":{"site-sidebar-layout":"default","site-content-layout":"","ast-site-content-layout":"","site-content-style":"default","site-sidebar-style":"default","ast-global-header-display":"","ast-banner-title-visibility":"","ast-main-header-display":"","ast-hfb-above-header-display":"","ast-hfb-below-header-display":"","ast-hfb-mobile-header-display":"","site-post-title":"","ast-breadcrumbs-content":"","ast-featured-img":"","footer-sml-layout":"","theme-transparent-header-meta":"","adv-header-id-meta":"","stick-header-meta":"","header-above-stick-meta":"","header-main-stick-meta":"","header-below-stick-meta":"","astra-migrate-meta-layouts":"default","ast-page-background-enabled":"default","ast-page-background-meta":{"desktop":{"background-color":"var(--ast-global-color-4)","background-image":"","background-repeat":"repeat","background-position":"center center","background-size":"auto","background-attachment":"scroll","background-type":"","background-media":"","overlay-type":"","overlay-color":"","overlay-opacity":"","overlay-gradient":""},"tablet":{"background-color":"","background-image":"","background-repeat":"repeat","background-position":"center center","background-size":"auto","background-attachment":"scroll","background-type":"","background-media":"","overlay-type":"","overlay-color":"","overlay-opacity":"","overlay-gradient":""},"mobile":{"background-color":"","background-image":"","background-repeat":"repeat","background-position":"center center","background-size":"auto","background-attachment":"scroll","background-type":"","background-media":"","overlay-type":"","overlay-color":"","overlay-opacity":"","overlay-gradient":""}},"ast-content-background-meta":{"desktop":{"background-color":"var(--ast-global-color-5)","background-image":"","background-repeat":"repeat","background-position":"center center","background-size":"auto","background-attachment":"scroll","background-type":"","background-media":"","overlay-type":"","overlay-color":"","overlay-opacity":"","overlay-gradient":""},"tablet":{"background-color":"var(--ast-global-color-5)","background-image":"","background-repeat":"repeat","background-position":"center center","background-size":"auto","background-attachment":"scroll","background-type":"","background-media":"","overlay-type":"","overlay-color":"","overlay-opacity":"","overlay-gradient":""},"mobile":{"background-color":"var(--ast-global-color-5)","background-image":"","background-repeat":"repeat","background-position":"center center","background-size":"auto","background-attachment":"scroll","background-type":"","background-media":"","overlay-type":"","overlay-color":"","overlay-opacity":"","overlay-gradient":""}},"footnotes":""},"class_list":["post-99","page","type-page","status-publish","hentry"],"_links":{"self":[{"href":"https:\/\/domaine-lafond.com\/index.php\/wp-json\/wp\/v2\/pages\/99","targetHints":{"allow":["GET"]}}],"collection":[{"href":"https:\/\/domaine-lafond.com\/index.php\/wp-json\/wp\/v2\/pages"}],"about":[{"href":"https:\/\/domaine-lafond.com\/index.php\/wp-json\/wp\/v2\/types\/page"}],"author":[{"embeddable":true,"href":"https:\/\/domaine-lafond.com\/index.php\/wp-json\/wp\/v2\/users\/1"}],"replies":[{"embeddable":true,"href":"https:\/\/domaine-lafond.com\/index.php\/wp-json\/wp\/v2\/comments?post=99"}],"version-history":[{"count":2,"href":"https:\/\/domaine-lafond.com\/index.php\/wp-json\/wp\/v2\/pages\/99\/revisions"}],"predecessor-version":[{"id":232,"href":"https:\/\/domaine-lafond.com\/index.php\/wp-json\/wp\/v2\/pages\/99\/revisions\/232"}],"wp:attachment":[{"href":"https:\/\/domaine-lafond.com\/index.php\/wp-json\/wp\/v2\/media?parent=99"}],"curies":[{"name":"wp","href":"https:\/\/api.w.org\/{rel}","templated":true}]}}