{"id":94,"date":"2024-07-16T22:05:46","date_gmt":"2024-07-16T20:05:46","guid":{"rendered":"https:\/\/domaine-lafond.com\/?page_id=94"},"modified":"2024-10-11T22:45:19","modified_gmt":"2024-10-11T20:45:19","slug":"lirac-blanc","status":"publish","type":"page","link":"https:\/\/domaine-lafond.com\/index.php\/lirac-blanc\/","title":{"rendered":"LIRAC BLANC"},"content":{"rendered":"\n<div class=\"wp-block-media-text is-stacked-on-mobile\" style=\"grid-template-columns:17% auto\"><figure class=\"wp-block-media-text__media\"><img loading=\"lazy\" decoding=\"async\" width=\"240\" height=\"929\" src=\"https:\/\/domaine-lafond.com\/wp-content\/uploads\/2024\/07\/LiracB.jpg\" alt=\"\" class=\"wp-image-95 size-full\"\/><\/figure><div class=\"wp-block-media-text__content\">\n<p class=\"has-text-align-center has-large-font-size\"><mark style=\"background-color:rgba(0, 0, 0, 0)\" class=\"has-inline-color has-ast-global-color-1-color\"><strong>LIRAC BLANC<\/strong><\/mark><\/p>\n\n\n\n<p class=\"has-text-align-center has-medium-font-size\"><mark style=\"background-color:rgba(0, 0, 0, 0)\" class=\"has-inline-color has-ast-global-color-1-color\">\u00ab Roc-Epine \u00bb<\/mark><\/p>\n\n\n\n<figure class=\"wp-block-image size-full is-resized\"><a href=\"https:\/\/domaine-lafond.com\/vins\/liracblanc_fr.pdf\" target=\"_blank\" rel=\"noreferrer noopener\"><img loading=\"lazy\" decoding=\"async\" width=\"225\" height=\"225\" src=\"http:\/\/domaine-lafond.com\/wp-content\/uploads\/2024\/10\/pdfb.png\" alt=\"\" class=\"wp-image-216\" style=\"width:60px\" srcset=\"https:\/\/domaine-lafond.com\/wp-content\/uploads\/2024\/10\/pdfb.png 225w, https:\/\/domaine-lafond.com\/wp-content\/uploads\/2024\/10\/pdfb-150x150.png 150w\" sizes=\"auto, (max-width: 225px) 100vw, 225px\" \/><\/a><\/figure>\n\n\n\n<p><\/p>\n\n\n\n<p><mark style=\"background-color:rgba(0, 0, 0, 0)\" class=\"has-inline-color has-ast-global-color-1-color\"><strong>C\u00c9PAGES : <\/strong><\/mark>Grenache 50%, Roussanne 30%, Viognier 20%.<\/p>\n\n\n\n<p><strong><mark style=\"background-color:rgba(0, 0, 0, 0)\" class=\"has-inline-color has-ast-global-color-1-color\">NATURE DU SOL : <\/mark><\/strong>Caillouteux, sablonneux sur des terrasses rouges de galets roul\u00e9s.<\/p>\n\n\n\n<p><strong><mark style=\"background-color:rgba(0, 0, 0, 0)\" class=\"has-inline-color has-ast-global-color-1-color\">CLIMAT : <\/mark><\/strong>Temp\u00e9r\u00e9 chaud, m\u00e9diterran\u00e9en et tr\u00e8s vent\u00e9, LIRAC est situ\u00e9 dans l\u2019axe de la<br>vall\u00e9e du Rh\u00f4ne.<br>Pluviosit\u00e9 r\u00e9duite, ensoleillement de 2 700 heures\/an en moyenne.<\/p>\n\n\n\n<p><strong><mark style=\"background-color:rgba(0, 0, 0, 0)\" class=\"has-inline-color has-ast-global-color-1-color\">VENDANGES : <\/mark><\/strong>Le raisin est ramass\u00e9 en totalit\u00e9 \u00e0 la main, dans un but qualitatif : les<br>grappes tri\u00e9es par le vendangeur, arrivent intactes \u00e0 la cave, \u00e9vitant ainsi tout ph\u00e9nom\u00e8ne<br>d\u2019oxydation. En outre, le ramassage manuel pr\u00e9serve l\u2019\u00e9tat des souches, donc l\u2019avenir du<br>vignoble.<\/p>\n\n\n\n<p><strong><mark style=\"background-color:rgba(0, 0, 0, 0)\" class=\"has-inline-color has-ast-global-color-1-color\">M\u00c9THODE DE VINIFICATION : <\/mark><\/strong>Egrappage en totalit\u00e9, mac\u00e9ration pelliculaire de 4 \u00e0 12h<br>selon les ann\u00e9es, pour extraire des saveurs et de la consistance. Puis fermentation \u00e0 basse<br>temp\u00e9rature. Mise en bouteilles d\u00e9s janvier pour \u00ab emprisonner \u00bb les ar\u00f4mes.<\/p>\n\n\n\n<p><strong><mark style=\"background-color:rgba(0, 0, 0, 0)\" class=\"has-inline-color has-ast-global-color-1-color\">BOUQUET : <\/mark><\/strong>\u00c7a fleure bon les fleurs blanches et les fruits blancs. Plut\u00f4t discrets, mais<br>raffin\u00e9s, ces parfums s\u2019enveloppent d\u2019une s\u00e8ve onctueuse et a\u00e9r\u00e9e qui s\u2019entiche de notes<br>anis\u00e9es rafra\u00eechissantes en fin de bouche. La finesse est ici le ma\u00eetre-mot \u00e0 d\u00e9faut de<br>puissance. On se d\u00e9lecte d\u00e8s \u00e0 pr\u00e9sent sur des poissons \u00e0 chair fine.<\/p>\n\n\n\n<p><strong><mark style=\"background-color:rgba(0, 0, 0, 0)\" class=\"has-inline-color has-ast-global-color-1-color\">CONSERVATION : <\/mark><\/strong>Le vin aime \u00eatre conserv\u00e9 en lieu sombre, \u00e0 temp\u00e9rature et hygrom\u00e9trie constante. La fra\u00eecheur<br>est son alli\u00e9 d\u2019autant plus que l\u2019altitude. Pour des conditions optimales de conservation, nous vous conseillons de<br>garder vos bouteilles \u00e0 une temp\u00e9rature maximale de 16\u00b0C, et entre 70 et 85% d\u2019humidit\u00e9.<\/p>\n\n\n\n<p><\/p>\n\n\n\n<p><\/p>\n<\/div><\/div>\n","protected":false},"excerpt":{"rendered":"","protected":false},"author":1,"featured_media":0,"parent":0,"menu_order":0,"comment_status":"closed","ping_status":"closed","template":"","meta":{"site-sidebar-layout":"default","site-content-layout":"","ast-site-content-layout":"","site-content-style":"default","site-sidebar-style":"default","ast-global-header-display":"","ast-banner-title-visibility":"","ast-main-header-display":"","ast-hfb-above-header-display":"","ast-hfb-below-header-display":"","ast-hfb-mobile-header-display":"","site-post-title":"","ast-breadcrumbs-content":"","ast-featured-img":"","footer-sml-layout":"","theme-transparent-header-meta":"","adv-header-id-meta":"","stick-header-meta":"","header-above-stick-meta":"","header-main-stick-meta":"","header-below-stick-meta":"","astra-migrate-meta-layouts":"default","ast-page-background-enabled":"default","ast-page-background-meta":{"desktop":{"background-color":"var(--ast-global-color-4)","background-image":"","background-repeat":"repeat","background-position":"center center","background-size":"auto","background-attachment":"scroll","background-type":"","background-media":"","overlay-type":"","overlay-color":"","overlay-opacity":"","overlay-gradient":""},"tablet":{"background-color":"","background-image":"","background-repeat":"repeat","background-position":"center center","background-size":"auto","background-attachment":"scroll","background-type":"","background-media":"","overlay-type":"","overlay-color":"","overlay-opacity":"","overlay-gradient":""},"mobile":{"background-color":"","background-image":"","background-repeat":"repeat","background-position":"center center","background-size":"auto","background-attachment":"scroll","background-type":"","background-media":"","overlay-type":"","overlay-color":"","overlay-opacity":"","overlay-gradient":""}},"ast-content-background-meta":{"desktop":{"background-color":"var(--ast-global-color-5)","background-image":"","background-repeat":"repeat","background-position":"center center","background-size":"auto","background-attachment":"scroll","background-type":"","background-media":"","overlay-type":"","overlay-color":"","overlay-opacity":"","overlay-gradient":""},"tablet":{"background-color":"var(--ast-global-color-5)","background-image":"","background-repeat":"repeat","background-position":"center center","background-size":"auto","background-attachment":"scroll","background-type":"","background-media":"","overlay-type":"","overlay-color":"","overlay-opacity":"","overlay-gradient":""},"mobile":{"background-color":"var(--ast-global-color-5)","background-image":"","background-repeat":"repeat","background-position":"center center","background-size":"auto","background-attachment":"scroll","background-type":"","background-media":"","overlay-type":"","overlay-color":"","overlay-opacity":"","overlay-gradient":""}},"footnotes":""},"class_list":["post-94","page","type-page","status-publish","hentry"],"_links":{"self":[{"href":"https:\/\/domaine-lafond.com\/index.php\/wp-json\/wp\/v2\/pages\/94","targetHints":{"allow":["GET"]}}],"collection":[{"href":"https:\/\/domaine-lafond.com\/index.php\/wp-json\/wp\/v2\/pages"}],"about":[{"href":"https:\/\/domaine-lafond.com\/index.php\/wp-json\/wp\/v2\/types\/page"}],"author":[{"embeddable":true,"href":"https:\/\/domaine-lafond.com\/index.php\/wp-json\/wp\/v2\/users\/1"}],"replies":[{"embeddable":true,"href":"https:\/\/domaine-lafond.com\/index.php\/wp-json\/wp\/v2\/comments?post=94"}],"version-history":[{"count":2,"href":"https:\/\/domaine-lafond.com\/index.php\/wp-json\/wp\/v2\/pages\/94\/revisions"}],"predecessor-version":[{"id":229,"href":"https:\/\/domaine-lafond.com\/index.php\/wp-json\/wp\/v2\/pages\/94\/revisions\/229"}],"wp:attachment":[{"href":"https:\/\/domaine-lafond.com\/index.php\/wp-json\/wp\/v2\/media?parent=94"}],"curies":[{"name":"wp","href":"https:\/\/api.w.org\/{rel}","templated":true}]}}