{"id":89,"date":"2024-07-16T21:53:49","date_gmt":"2024-07-16T19:53:49","guid":{"rendered":"https:\/\/domaine-lafond.com\/?page_id=89"},"modified":"2024-10-11T22:43:35","modified_gmt":"2024-10-11T20:43:35","slug":"cdp","status":"publish","type":"page","link":"https:\/\/domaine-lafond.com\/index.php\/cdp\/","title":{"rendered":"CDP"},"content":{"rendered":"\n<div class=\"wp-block-media-text is-stacked-on-mobile\" style=\"grid-template-columns:19% auto\"><figure class=\"wp-block-media-text__media\"><img loading=\"lazy\" decoding=\"async\" width=\"263\" height=\"923\" src=\"https:\/\/domaine-lafond.com\/wp-content\/uploads\/2024\/07\/cdp.jpg\" alt=\"\" class=\"wp-image-90 size-full\"\/><\/figure><div class=\"wp-block-media-text__content\">\n<p class=\"has-text-align-center has-large-font-size\"><strong>CH\u00c2TEAUNEUF DU PAPE<\/strong><br>\u00ab Roc-Epine \u00bb<\/p>\n\n\n\n<figure class=\"wp-block-image size-full is-resized\"><a href=\"https:\/\/domaine-lafond.com\/vins\/chateauneufdupape_fr.pdf\" target=\"_blank\" rel=\"noreferrer noopener\"><img loading=\"lazy\" decoding=\"async\" width=\"225\" height=\"225\" src=\"http:\/\/domaine-lafond.com\/wp-content\/uploads\/2024\/10\/pdfb.png\" alt=\"\" class=\"wp-image-216\" style=\"width:60px\" srcset=\"https:\/\/domaine-lafond.com\/wp-content\/uploads\/2024\/10\/pdfb.png 225w, https:\/\/domaine-lafond.com\/wp-content\/uploads\/2024\/10\/pdfb-150x150.png 150w\" sizes=\"auto, (max-width: 225px) 100vw, 225px\" \/><\/a><\/figure>\n\n\n\n<p><\/p>\n\n\n\n<p><strong><mark style=\"background-color:rgba(0, 0, 0, 0)\" class=\"has-inline-color has-ast-global-color-1-color\">C\u00c9PAGES : <\/mark><\/strong>Grenache 80%, syrah 10%, mourv\u00e8dre 10%.<\/p>\n\n\n\n<p><strong><mark style=\"background-color:rgba(0, 0, 0, 0)\" class=\"has-inline-color has-ast-global-color-1-color\">NATURE DU SOL : <\/mark><\/strong>Caillouteux pour une parcelle, sablonneux sur des terrasses ocres de<br>galets roul\u00e9s pour l\u2019autre parcelle.<\/p>\n\n\n\n<p><strong><mark style=\"background-color:rgba(0, 0, 0, 0)\" class=\"has-inline-color has-ast-global-color-1-color\">CLIMAT : <\/mark><\/strong>Temp\u00e9r\u00e9 chaud, m\u00e9diterran\u00e9en et tr\u00e8s vent\u00e9, CHATEAUNEUF DU PAPE est situ\u00e9<br>dans l\u2019axe de la vall\u00e9e du Rh\u00f4ne.<br>Pluviosit\u00e9 r\u00e9duite, ensoleillement de 2700 heures\/an en moyenne.<\/p>\n\n\n\n<p><strong><mark style=\"background-color:rgba(0, 0, 0, 0)\" class=\"has-inline-color has-ast-global-color-1-color\">AGE MOYEN DES VIGNES : <\/mark><\/strong>60 ans.<\/p>\n\n\n\n<p><strong><mark style=\"background-color:rgba(0, 0, 0, 0)\" class=\"has-inline-color has-ast-global-color-1-color\">VENDANGES : <\/mark><\/strong>Le raisin est ramass\u00e9 en totalit\u00e9 \u00e0 la main, dans un but qualitatif : les<br>grappes tri\u00e9es par le vendangeur, arrivent intactes \u00e0 la cave \u00e9vitant ainsi tout ph\u00e9nom\u00e8ne<br>d\u2019oxydation. Cette m\u00e9thode nous permet de pr\u00e9server l\u2019\u00e9tat des souches donc l\u2019avenir du<br>vignoble.<\/p>\n\n\n\n<p><strong><mark style=\"background-color:rgba(0, 0, 0, 0)\" class=\"has-inline-color has-ast-global-color-1-color\">M\u00c9THODE DE VINIFICATION : <\/mark><\/strong>Egrappage en totalit\u00e9, cuvaison longue 21 jours, ce<br>qui permet d\u2019obtenir des tanins souples et bien pr\u00e9sents ; pressurage, puis fin de<br>fermentation et conservation en cuve inox jusqu\u2019au 1er soutirage. Ensuite, nous proc\u00e9dons<br>\u00e0 l\u2019\u00e9levage en barriques neuves, de chauffe moyenne, de janvier \u00e0 octobre pour les 20%<br>constitu\u00e9es par syrah et mourv\u00e8dre, afin d\u2019assouplir les tanins, d\u2019oxyg\u00e9ner le vin, et<br>d\u2019apporter une touche vanill\u00e9e qui \u00abse fondra\u00bb avec la structure du grenache qui continue<br>son \u00e9levage en cuve inox.<\/p>\n\n\n\n<p><strong><mark style=\"background-color:rgba(0, 0, 0, 0)\" class=\"has-inline-color has-ast-global-color-1-color\">BOUQUET : <\/mark><\/strong>Vin puissant et charpent\u00e9, d\u2019une couleur rubis tr\u00e8s soutenue \u00e0 nuance<br>violette. Il offre un nez complexe de cannelle, de fruits cuits et de griottes. Apr\u00e8s une<br>attaque ample et ferme, la bouche exprime des nuances vanill\u00e9es et poivr\u00e9es qui<br>persistent jusqu\u2019au final. C\u2019est un vin souple et riche d\u2019une tr\u00e8s bonne longueur. La<br>pr\u00e9sence dominante du grenache bien caract\u00e9ristique en bouche assure la \u00ab typicit\u00e9<br>CHATEAUNEUF DU PAPE \u00bb.<\/p>\n\n\n\n<p><strong><mark style=\"background-color:rgba(0, 0, 0, 0)\" class=\"has-inline-color has-ast-global-color-1-color\">CONSERVATION : <\/mark><\/strong>Le vin aime \u00eatre conserv\u00e9 en lieu sombre, \u00e0 temp\u00e9rature et hygrom\u00e9trie constante. La fra\u00eecheur<br>est son alli\u00e9 d\u2019autant plus que l\u2019altitude. Pour des conditions optimales de conservation, nous vous conseillons de<br>garder vos bouteilles \u00e0 une temp\u00e9rature maximale de 16\u00b0C, et entre 70 et 85% d\u2019humidit\u00e9<\/p>\n\n\n\n<p><\/p>\n<\/div><\/div>\n","protected":false},"excerpt":{"rendered":"","protected":false},"author":1,"featured_media":0,"parent":0,"menu_order":0,"comment_status":"closed","ping_status":"closed","template":"","meta":{"site-sidebar-layout":"default","site-content-layout":"","ast-site-content-layout":"","site-content-style":"default","site-sidebar-style":"default","ast-global-header-display":"","ast-banner-title-visibility":"","ast-main-header-display":"","ast-hfb-above-header-display":"","ast-hfb-below-header-display":"","ast-hfb-mobile-header-display":"","site-post-title":"","ast-breadcrumbs-content":"","ast-featured-img":"","footer-sml-layout":"","theme-transparent-header-meta":"","adv-header-id-meta":"","stick-header-meta":"","header-above-stick-meta":"","header-main-stick-meta":"","header-below-stick-meta":"","astra-migrate-meta-layouts":"default","ast-page-background-enabled":"default","ast-page-background-meta":{"desktop":{"background-color":"var(--ast-global-color-4)","background-image":"","background-repeat":"repeat","background-position":"center center","background-size":"auto","background-attachment":"scroll","background-type":"","background-media":"","overlay-type":"","overlay-color":"","overlay-opacity":"","overlay-gradient":""},"tablet":{"background-color":"","background-image":"","background-repeat":"repeat","background-position":"center center","background-size":"auto","background-attachment":"scroll","background-type":"","background-media":"","overlay-type":"","overlay-color":"","overlay-opacity":"","overlay-gradient":""},"mobile":{"background-color":"","background-image":"","background-repeat":"repeat","background-position":"center center","background-size":"auto","background-attachment":"scroll","background-type":"","background-media":"","overlay-type":"","overlay-color":"","overlay-opacity":"","overlay-gradient":""}},"ast-content-background-meta":{"desktop":{"background-color":"var(--ast-global-color-5)","background-image":"","background-repeat":"repeat","background-position":"center center","background-size":"auto","background-attachment":"scroll","background-type":"","background-media":"","overlay-type":"","overlay-color":"","overlay-opacity":"","overlay-gradient":""},"tablet":{"background-color":"var(--ast-global-color-5)","background-image":"","background-repeat":"repeat","background-position":"center center","background-size":"auto","background-attachment":"scroll","background-type":"","background-media":"","overlay-type":"","overlay-color":"","overlay-opacity":"","overlay-gradient":""},"mobile":{"background-color":"var(--ast-global-color-5)","background-image":"","background-repeat":"repeat","background-position":"center center","background-size":"auto","background-attachment":"scroll","background-type":"","background-media":"","overlay-type":"","overlay-color":"","overlay-opacity":"","overlay-gradient":""}},"footnotes":""},"class_list":["post-89","page","type-page","status-publish","hentry"],"_links":{"self":[{"href":"https:\/\/domaine-lafond.com\/index.php\/wp-json\/wp\/v2\/pages\/89","targetHints":{"allow":["GET"]}}],"collection":[{"href":"https:\/\/domaine-lafond.com\/index.php\/wp-json\/wp\/v2\/pages"}],"about":[{"href":"https:\/\/domaine-lafond.com\/index.php\/wp-json\/wp\/v2\/types\/page"}],"author":[{"embeddable":true,"href":"https:\/\/domaine-lafond.com\/index.php\/wp-json\/wp\/v2\/users\/1"}],"replies":[{"embeddable":true,"href":"https:\/\/domaine-lafond.com\/index.php\/wp-json\/wp\/v2\/comments?post=89"}],"version-history":[{"count":3,"href":"https:\/\/domaine-lafond.com\/index.php\/wp-json\/wp\/v2\/pages\/89\/revisions"}],"predecessor-version":[{"id":227,"href":"https:\/\/domaine-lafond.com\/index.php\/wp-json\/wp\/v2\/pages\/89\/revisions\/227"}],"wp:attachment":[{"href":"https:\/\/domaine-lafond.com\/index.php\/wp-json\/wp\/v2\/media?parent=89"}],"curies":[{"name":"wp","href":"https:\/\/api.w.org\/{rel}","templated":true}]}}