{"id":72,"date":"2024-07-15T22:28:54","date_gmt":"2024-07-15T20:28:54","guid":{"rendered":"https:\/\/domaine-lafond.com\/?page_id=72"},"modified":"2024-10-11T22:37:23","modified_gmt":"2024-10-11T20:37:23","slug":"les-vins","status":"publish","type":"page","link":"https:\/\/domaine-lafond.com\/index.php\/les-vins\/","title":{"rendered":"CDR"},"content":{"rendered":"\n<p style=\"padding-right:0;padding-left:0\"><\/p>\n\n\n\n<div class=\"wp-block-media-text is-stacked-on-mobile\" style=\"grid-template-columns:19% auto\"><figure class=\"wp-block-media-text__media\"><img loading=\"lazy\" decoding=\"async\" width=\"257\" height=\"1024\" src=\"http:\/\/domaine-lafond.com\/wp-content\/uploads\/2024\/07\/image-257x1024.png\" alt=\"\" class=\"wp-image-73 size-full\" srcset=\"https:\/\/domaine-lafond.com\/wp-content\/uploads\/2024\/07\/image-257x1024.png 257w, https:\/\/domaine-lafond.com\/wp-content\/uploads\/2024\/07\/image-75x300.png 75w, https:\/\/domaine-lafond.com\/wp-content\/uploads\/2024\/07\/image-385x1536.png 385w, https:\/\/domaine-lafond.com\/wp-content\/uploads\/2024\/07\/image.png 553w\" sizes=\"auto, (max-width: 257px) 100vw, 257px\" \/><\/figure><div class=\"wp-block-media-text__content\">\n<p class=\"has-text-align-center has-large-font-size\"><strong><mark style=\"background-color:rgba(0, 0, 0, 0)\" class=\"has-inline-color has-ast-global-color-1-color\">COTE DU RH\u00d4NE ROUGE<\/mark><br><mark style=\"background-color:rgba(0, 0, 0, 0)\" class=\"has-inline-color has-ast-global-color-1-color\">\u00ab Roc-Epine \u00bb<\/mark><\/strong><\/p>\n\n\n\n<figure class=\"wp-block-image size-full is-resized\"><a href=\"https:\/\/domaine-lafond.com\/vins\/cdr_fr.pdf\" target=\"_blank\" rel=\"noreferrer noopener\"><img loading=\"lazy\" decoding=\"async\" width=\"225\" height=\"225\" src=\"https:\/\/domaine-lafond.com\/wp-content\/uploads\/2024\/10\/pdfb.png\" alt=\"\" class=\"wp-image-216\" style=\"width:60px\" srcset=\"https:\/\/domaine-lafond.com\/wp-content\/uploads\/2024\/10\/pdfb.png 225w, https:\/\/domaine-lafond.com\/wp-content\/uploads\/2024\/10\/pdfb-150x150.png 150w\" sizes=\"auto, (max-width: 225px) 100vw, 225px\" \/><\/a><\/figure>\n\n\n\n<p class=\"has-text-align-left\"><br><mark style=\"background-color:rgba(0, 0, 0, 0)\" class=\"has-inline-color has-ast-global-color-1-color\"><strong>C\u00c9PAGES : <\/strong><\/mark>Grenache 70%, Syrah 30%.<\/p>\n\n\n\n<p class=\"has-text-align-left\"><mark style=\"background-color:rgba(0, 0, 0, 0)\" class=\"has-inline-color has-ast-global-color-1-color\"><strong>NATURE DU SOL : <\/strong><\/mark>Caillouteux et argilo-calcaire pour une parcelle ; sablonneux et galets<br>roul\u00e9s pour l\u2019autre parcelle (ancien lit du Rh\u00f4ne).<\/p>\n\n\n\n<p class=\"has-text-align-left\"><strong><mark style=\"background-color:rgba(0, 0, 0, 0)\" class=\"has-inline-color has-ast-global-color-1-color\">CLIMAT : <\/mark><\/strong>Temp\u00e9r\u00e9 chaud, m\u00e9diterran\u00e9en et tr\u00e8s vent\u00e9, les vignes sont situ\u00e9es entre TAVEL<br>et LIRAC.<br>Pluviosit\u00e9 r\u00e9duite, ensoleillement 2 700 heures\/an en moyenne.<\/p>\n\n\n\n<p class=\"has-text-align-left\"><strong><mark style=\"background-color:rgba(0, 0, 0, 0)\" class=\"has-inline-color has-ast-global-color-1-color\">VENDANGES : <\/mark><\/strong>Le raisin est ramass\u00e9 \u00e0 la machine et \u00e0 la main, dans un but qualitatif : les<br>grappes tri\u00e9es par le vendangeur, arrivent intactes \u00e0 la cave \u00e9vitant ainsi tout ph\u00e9nom\u00e8ne<br>d\u2019oxydation.<\/p>\n\n\n\n<p class=\"has-text-align-left\"><strong><mark style=\"background-color:rgba(0, 0, 0, 0)\" class=\"has-inline-color has-ast-global-color-1-color\">M\u00c9THODE DE VINIFICATION : <\/mark><\/strong>Vendange \u00e9grapp\u00e9e \u00e0 100%. Mac\u00e9ration courte, 8 \u00e0<br>10 jours environ \u00e0 temp\u00e9rature contr\u00f4l\u00e9e entre 23\u00b0C et 30\u00b0C, puis pressurage et la<br>fermentation se termine en cuve inox. Le vin se repose jusqu\u2019\u00e0 la mise en bouteilles qui<br>s\u2019effectue au printemps.<\/p>\n\n\n\n<p class=\"has-text-align-left\"><strong><mark style=\"background-color:rgba(0, 0, 0, 0)\" class=\"has-inline-color has-ast-global-color-1-color\">BOUQUET : <\/mark><\/strong>Irr\u00e9sistible de gourmandise par ses ar\u00f4mes de fruits des bois, cette s\u00e8ve<br>d\u00e9licatement soyeuse, pleine et sapide, s\u2019appuie sur une trame tannique serr\u00e9e qui<br>donne \u00e0 ce c\u00f4tes-du-rh\u00f4ne des airs de vin de garde. Cela \u00e9tant dit, sa finale saline et<br>\u00e9pic\u00e9e ouvre d\u00e8s \u00e0 pr\u00e9sent de beaux accords sur des viandes grill\u00e9es aux herbes de<br>Provence.<\/p>\n\n\n\n<p class=\"has-text-align-left\"><strong><mark style=\"background-color:rgba(0, 0, 0, 0)\" class=\"has-inline-color has-ast-global-color-1-color\">CONSERVATION : <\/mark><\/strong>Le vin aime \u00eatre conserv\u00e9 en lieu sombre, \u00e0 temp\u00e9rature et hygrom\u00e9trie constante. La fra\u00eecheur<br>est son alli\u00e9 d\u2019autant plus que l\u2019altitude. Pour des conditions optimales de conservation, nous vous conseillons de<br>garder vos bouteilles \u00e0 une temp\u00e9rature maximale de 16\u00b0C, et entre 70 et 85% d\u2019humidit\u00e9.<\/p>\n<\/div><\/div>\n","protected":false},"excerpt":{"rendered":"","protected":false},"author":1,"featured_media":0,"parent":0,"menu_order":0,"comment_status":"closed","ping_status":"closed","template":"","meta":{"site-sidebar-layout":"default","site-content-layout":"","ast-site-content-layout":"","site-content-style":"default","site-sidebar-style":"default","ast-global-header-display":"","ast-banner-title-visibility":"","ast-main-header-display":"","ast-hfb-above-header-display":"","ast-hfb-below-header-display":"","ast-hfb-mobile-header-display":"","site-post-title":"","ast-breadcrumbs-content":"","ast-featured-img":"","footer-sml-layout":"","theme-transparent-header-meta":"","adv-header-id-meta":"","stick-header-meta":"","header-above-stick-meta":"","header-main-stick-meta":"","header-below-stick-meta":"","astra-migrate-meta-layouts":"default","ast-page-background-enabled":"default","ast-page-background-meta":{"desktop":{"background-color":"var(--ast-global-color-4)","background-image":"","background-repeat":"repeat","background-position":"center center","background-size":"auto","background-attachment":"scroll","background-type":"","background-media":"","overlay-type":"","overlay-color":"","overlay-opacity":"","overlay-gradient":""},"tablet":{"background-color":"","background-image":"","background-repeat":"repeat","background-position":"center center","background-size":"auto","background-attachment":"scroll","background-type":"","background-media":"","overlay-type":"","overlay-color":"","overlay-opacity":"","overlay-gradient":""},"mobile":{"background-color":"","background-image":"","background-repeat":"repeat","background-position":"center center","background-size":"auto","background-attachment":"scroll","background-type":"","background-media":"","overlay-type":"","overlay-color":"","overlay-opacity":"","overlay-gradient":""}},"ast-content-background-meta":{"desktop":{"background-color":"var(--ast-global-color-5)","background-image":"","background-repeat":"repeat","background-position":"center center","background-size":"auto","background-attachment":"scroll","background-type":"","background-media":"","overlay-type":"","overlay-color":"","overlay-opacity":"","overlay-gradient":""},"tablet":{"background-color":"var(--ast-global-color-5)","background-image":"","background-repeat":"repeat","background-position":"center center","background-size":"auto","background-attachment":"scroll","background-type":"","background-media":"","overlay-type":"","overlay-color":"","overlay-opacity":"","overlay-gradient":""},"mobile":{"background-color":"var(--ast-global-color-5)","background-image":"","background-repeat":"repeat","background-position":"center center","background-size":"auto","background-attachment":"scroll","background-type":"","background-media":"","overlay-type":"","overlay-color":"","overlay-opacity":"","overlay-gradient":""}},"footnotes":""},"class_list":["post-72","page","type-page","status-publish","hentry"],"_links":{"self":[{"href":"https:\/\/domaine-lafond.com\/index.php\/wp-json\/wp\/v2\/pages\/72","targetHints":{"allow":["GET"]}}],"collection":[{"href":"https:\/\/domaine-lafond.com\/index.php\/wp-json\/wp\/v2\/pages"}],"about":[{"href":"https:\/\/domaine-lafond.com\/index.php\/wp-json\/wp\/v2\/types\/page"}],"author":[{"embeddable":true,"href":"https:\/\/domaine-lafond.com\/index.php\/wp-json\/wp\/v2\/users\/1"}],"replies":[{"embeddable":true,"href":"https:\/\/domaine-lafond.com\/index.php\/wp-json\/wp\/v2\/comments?post=72"}],"version-history":[{"count":4,"href":"https:\/\/domaine-lafond.com\/index.php\/wp-json\/wp\/v2\/pages\/72\/revisions"}],"predecessor-version":[{"id":221,"href":"https:\/\/domaine-lafond.com\/index.php\/wp-json\/wp\/v2\/pages\/72\/revisions\/221"}],"wp:attachment":[{"href":"https:\/\/domaine-lafond.com\/index.php\/wp-json\/wp\/v2\/media?parent=72"}],"curies":[{"name":"wp","href":"https:\/\/api.w.org\/{rel}","templated":true}]}}