{"id":50,"date":"2024-07-15T22:17:34","date_gmt":"2024-07-15T20:17:34","guid":{"rendered":"https:\/\/domaine-lafond.com\/?page_id=50"},"modified":"2024-10-11T21:55:22","modified_gmt":"2024-10-11T19:55:22","slug":"les-vignes","status":"publish","type":"page","link":"https:\/\/domaine-lafond.com\/index.php\/les-vignes\/","title":{"rendered":"Les vignes"},"content":{"rendered":"\n<figure class=\"wp-block-table has-small-font-size\"><table class=\"has-border-color has-ast-global-color-5-border-color has-fixed-layout\"><tbody><tr><td class=\"has-text-align-center\" data-align=\"center\"><\/td><td><\/td><td class=\"has-text-align-center\" data-align=\"center\"><a href=\"https:\/\/domaine-lafond.com\/index.php\/the-vines\/\" data-type=\"page\" data-id=\"200\"><img loading=\"lazy\" decoding=\"async\" width=\"30\" height=\"21\" class=\"wp-image-134\" style=\"width: 30px;\" src=\"http:\/\/domaine-lafond.com\/wp-content\/uploads\/2024\/07\/en.jpg\" alt=\"\"><\/a><\/td><\/tr><\/tbody><\/table><\/figure>\n\n\n\n<p>Le Domaine Lafond Roc-Epine est cr\u00e9\u00e9 en 1970 par Jean-Pierre Lafond avec 20ha de Tavel. Quelques ann\u00e9es plus tard, en 1977, il est rejoint par son fils Pascal. Ils d\u00e9veloppent la propri\u00e9t\u00e9 sur d\u2019autres appellations&nbsp;: Lirac, C\u00f4tes du Rh\u00f4ne et Chateauneuf du Pape. Aujourd\u2019hui le domaine comptabilise 85ha, tout est travaill\u00e9 en Bio depuis le d\u00e9but des ann\u00e9es 2000. Et c\u2019est en 2009 que le domaine se tourne vers la certification et lab\u00e9lisation Ecocert. Les fils de Pascal, Jean-Baptiste et Fran\u00e7ois Lafond ont d\u00e9sormais repris les reines, avec une certification Demeter pr\u00e9vu pour le mill\u00e9sime 2024.<\/p>\n\n\n\n<p>Voici une vision globale de notre fa\u00e7on de voir les choses, \u00e0 la fois le travail de la vigne, et la vinification&nbsp;:<\/p>\n\n\n\n<p>Nous sommes certifi\u00e9s bio depuis 15 ans, et nous cherchions un moyen d\u2019aller plus loin dans la d\u00e9marche. Tout \u00e0 commenc\u00e9 par de simples essais de couverts v\u00e9g\u00e9taux. Le but, au d\u00e9part, \u00e9tait purement agronomique. Restructurer nos sols, apport d\u2019azote, et augmentation de la mati\u00e8re organique. Nos couverts sont constitu\u00e9s de diff\u00e9rentes familles&nbsp;: crucif\u00e8re, gramin\u00e9e et l\u00e9gumineuse. Les crucif\u00e8res ont un r\u00f4le d\u00e9compactant avec leur racine pivot. Les gramin\u00e9es permettent de limiter l\u2019\u00e9rosion gr\u00e2ce \u00e0 leur \u00e9pais chevelu racinaire et servent de tuteur aux l\u00e9gumineuses. Enfin les l\u00e9gumineuses et leurs nodosit\u00e9s captent l\u2019azote atmosph\u00e9rique pour le restituer au sol une fois d\u00e9truite. Le tout de mani\u00e8re naturelle, gr\u00e2ce \u00e0 de l\u2019herbe poussant dans nos vignes.<\/p>\n\n\n\n<p>Tr\u00e8s vite nous constatons un v\u00e9ritable effet positif de ces nouvelles pratiques. Non seulement pour le sol et la vigne, mais aussi pour la biodiversit\u00e9&nbsp;: retour des abeilles, des li\u00e8vres et des vers de terre, barom\u00e8tre de la vie du sol dans nos parcelles. Puis arrive le tour de l\u2019agroforesterie. Plantation de haies d\u2019arbres et arbustes en bordure ainsi qu\u2019en intra-parcellaire. Les chauves-souris reviennent, elles sont le pr\u00e9dateur n\u00b01 des vers de grappe. Ce petit asticot qui perce nos grains de raisins, engendre de la pourriture et augmente les degr\u00e9s alcooliques. Nous voulons r\u00e9colter la vendange la plus saine possible car c\u2019est ce qui garantit le bon d\u00e9roulement d\u2019une vinification sans intrant. Les doses de cuivres ont \u00e9t\u00e9 r\u00e9duites en association \u00e0 des huiles d\u2019orange douce. Nous partageons la m\u00eame philosophie que le label Biodynamie \u2013 Demeter de part son cahier des charges plus strictes qu\u2019en bio. C\u2019est pourquoi nous serons certifi\u00e9s Demeter \u00e0 partir du mill\u00e9sime 2024.<\/p>\n\n\n\n<figure class=\"wp-block-gallery has-nested-images columns-default is-cropped wp-block-gallery-1 is-layout-flex wp-block-gallery-is-layout-flex\">\n<figure class=\"wp-block-image size-large\"><img loading=\"lazy\" decoding=\"async\" width=\"1024\" height=\"683\" data-id=\"54\" src=\"https:\/\/domaine-lafond.com\/wp-content\/uploads\/2024\/07\/Domaine-Lafond-Roc-Epine-Vigne-1-1024x683.jpg\" alt=\"\" class=\"wp-image-54\" srcset=\"https:\/\/domaine-lafond.com\/wp-content\/uploads\/2024\/07\/Domaine-Lafond-Roc-Epine-Vigne-1-1024x683.jpg 1024w, https:\/\/domaine-lafond.com\/wp-content\/uploads\/2024\/07\/Domaine-Lafond-Roc-Epine-Vigne-1-300x200.jpg 300w, https:\/\/domaine-lafond.com\/wp-content\/uploads\/2024\/07\/Domaine-Lafond-Roc-Epine-Vigne-1-768x512.jpg 768w, https:\/\/domaine-lafond.com\/wp-content\/uploads\/2024\/07\/Domaine-Lafond-Roc-Epine-Vigne-1-1536x1025.jpg 1536w, https:\/\/domaine-lafond.com\/wp-content\/uploads\/2024\/07\/Domaine-Lafond-Roc-Epine-Vigne-1-2048x1366.jpg 2048w\" sizes=\"auto, (max-width: 1024px) 100vw, 1024px\" \/><\/figure>\n\n\n\n<figure class=\"wp-block-image size-large\"><img loading=\"lazy\" decoding=\"async\" width=\"1024\" height=\"683\" data-id=\"57\" src=\"https:\/\/domaine-lafond.com\/wp-content\/uploads\/2024\/07\/Domaine-Lafond-Roc-Epine-Vigne-3-1024x683.jpg\" alt=\"\" class=\"wp-image-57\" srcset=\"https:\/\/domaine-lafond.com\/wp-content\/uploads\/2024\/07\/Domaine-Lafond-Roc-Epine-Vigne-3-1024x683.jpg 1024w, https:\/\/domaine-lafond.com\/wp-content\/uploads\/2024\/07\/Domaine-Lafond-Roc-Epine-Vigne-3-300x200.jpg 300w, https:\/\/domaine-lafond.com\/wp-content\/uploads\/2024\/07\/Domaine-Lafond-Roc-Epine-Vigne-3-768x512.jpg 768w, https:\/\/domaine-lafond.com\/wp-content\/uploads\/2024\/07\/Domaine-Lafond-Roc-Epine-Vigne-3-1536x1025.jpg 1536w, https:\/\/domaine-lafond.com\/wp-content\/uploads\/2024\/07\/Domaine-Lafond-Roc-Epine-Vigne-3-2048x1366.jpg 2048w\" sizes=\"auto, (max-width: 1024px) 100vw, 1024px\" \/><\/figure>\n\n\n\n<figure class=\"wp-block-image size-large\"><img loading=\"lazy\" decoding=\"async\" width=\"1024\" height=\"683\" data-id=\"58\" src=\"https:\/\/domaine-lafond.com\/wp-content\/uploads\/2024\/07\/Domaine-Lafond-Roc-Epine-Vigne-4-1024x683.jpg\" alt=\"\" class=\"wp-image-58\" srcset=\"https:\/\/domaine-lafond.com\/wp-content\/uploads\/2024\/07\/Domaine-Lafond-Roc-Epine-Vigne-4-1024x683.jpg 1024w, https:\/\/domaine-lafond.com\/wp-content\/uploads\/2024\/07\/Domaine-Lafond-Roc-Epine-Vigne-4-300x200.jpg 300w, https:\/\/domaine-lafond.com\/wp-content\/uploads\/2024\/07\/Domaine-Lafond-Roc-Epine-Vigne-4-768x512.jpg 768w, https:\/\/domaine-lafond.com\/wp-content\/uploads\/2024\/07\/Domaine-Lafond-Roc-Epine-Vigne-4-1536x1025.jpg 1536w, https:\/\/domaine-lafond.com\/wp-content\/uploads\/2024\/07\/Domaine-Lafond-Roc-Epine-Vigne-4-2048x1366.jpg 2048w\" sizes=\"auto, (max-width: 1024px) 100vw, 1024px\" \/><\/figure>\n\n\n\n<figure class=\"wp-block-image size-large\"><img loading=\"lazy\" decoding=\"async\" width=\"1024\" height=\"683\" data-id=\"55\" src=\"https:\/\/domaine-lafond.com\/wp-content\/uploads\/2024\/07\/Domaine-Lafond-Roc-Epine-Vigne-5-1024x683.jpg\" alt=\"\" class=\"wp-image-55\" srcset=\"https:\/\/domaine-lafond.com\/wp-content\/uploads\/2024\/07\/Domaine-Lafond-Roc-Epine-Vigne-5-1024x683.jpg 1024w, https:\/\/domaine-lafond.com\/wp-content\/uploads\/2024\/07\/Domaine-Lafond-Roc-Epine-Vigne-5-300x200.jpg 300w, https:\/\/domaine-lafond.com\/wp-content\/uploads\/2024\/07\/Domaine-Lafond-Roc-Epine-Vigne-5-768x512.jpg 768w, https:\/\/domaine-lafond.com\/wp-content\/uploads\/2024\/07\/Domaine-Lafond-Roc-Epine-Vigne-5-1536x1025.jpg 1536w, https:\/\/domaine-lafond.com\/wp-content\/uploads\/2024\/07\/Domaine-Lafond-Roc-Epine-Vigne-5-2048x1366.jpg 2048w\" sizes=\"auto, (max-width: 1024px) 100vw, 1024px\" \/><\/figure>\n\n\n\n<figure class=\"wp-block-image size-large\"><img loading=\"lazy\" decoding=\"async\" width=\"1024\" height=\"683\" data-id=\"51\" src=\"https:\/\/domaine-lafond.com\/wp-content\/uploads\/2024\/07\/Domaine-Lafond-Roc-Epine-Vigne-6-1024x683.jpg\" alt=\"\" class=\"wp-image-51\" srcset=\"https:\/\/domaine-lafond.com\/wp-content\/uploads\/2024\/07\/Domaine-Lafond-Roc-Epine-Vigne-6-1024x683.jpg 1024w, https:\/\/domaine-lafond.com\/wp-content\/uploads\/2024\/07\/Domaine-Lafond-Roc-Epine-Vigne-6-300x200.jpg 300w, https:\/\/domaine-lafond.com\/wp-content\/uploads\/2024\/07\/Domaine-Lafond-Roc-Epine-Vigne-6-768x512.jpg 768w, https:\/\/domaine-lafond.com\/wp-content\/uploads\/2024\/07\/Domaine-Lafond-Roc-Epine-Vigne-6-1536x1025.jpg 1536w, https:\/\/domaine-lafond.com\/wp-content\/uploads\/2024\/07\/Domaine-Lafond-Roc-Epine-Vigne-6-2048x1366.jpg 2048w\" sizes=\"auto, (max-width: 1024px) 100vw, 1024px\" \/><\/figure>\n\n\n\n<figure class=\"wp-block-image size-large\"><img loading=\"lazy\" decoding=\"async\" width=\"1024\" height=\"683\" data-id=\"56\" src=\"https:\/\/domaine-lafond.com\/wp-content\/uploads\/2024\/07\/Domaine-Lafond-Roc-Epine-Vigne-7-1024x683.jpg\" alt=\"\" class=\"wp-image-56\" srcset=\"https:\/\/domaine-lafond.com\/wp-content\/uploads\/2024\/07\/Domaine-Lafond-Roc-Epine-Vigne-7-1024x683.jpg 1024w, https:\/\/domaine-lafond.com\/wp-content\/uploads\/2024\/07\/Domaine-Lafond-Roc-Epine-Vigne-7-300x200.jpg 300w, https:\/\/domaine-lafond.com\/wp-content\/uploads\/2024\/07\/Domaine-Lafond-Roc-Epine-Vigne-7-768x512.jpg 768w, https:\/\/domaine-lafond.com\/wp-content\/uploads\/2024\/07\/Domaine-Lafond-Roc-Epine-Vigne-7-1536x1025.jpg 1536w, https:\/\/domaine-lafond.com\/wp-content\/uploads\/2024\/07\/Domaine-Lafond-Roc-Epine-Vigne-7-2048x1366.jpg 2048w\" sizes=\"auto, (max-width: 1024px) 100vw, 1024px\" \/><\/figure>\n\n\n\n<figure class=\"wp-block-image size-large\"><img loading=\"lazy\" decoding=\"async\" width=\"1024\" height=\"683\" data-id=\"59\" src=\"https:\/\/domaine-lafond.com\/wp-content\/uploads\/2024\/07\/Domaine-Lafond-Roc-Epine-Vigne-8-1024x683.jpg\" alt=\"\" class=\"wp-image-59\" srcset=\"https:\/\/domaine-lafond.com\/wp-content\/uploads\/2024\/07\/Domaine-Lafond-Roc-Epine-Vigne-8-1024x683.jpg 1024w, https:\/\/domaine-lafond.com\/wp-content\/uploads\/2024\/07\/Domaine-Lafond-Roc-Epine-Vigne-8-300x200.jpg 300w, https:\/\/domaine-lafond.com\/wp-content\/uploads\/2024\/07\/Domaine-Lafond-Roc-Epine-Vigne-8-768x512.jpg 768w, https:\/\/domaine-lafond.com\/wp-content\/uploads\/2024\/07\/Domaine-Lafond-Roc-Epine-Vigne-8-1536x1025.jpg 1536w, https:\/\/domaine-lafond.com\/wp-content\/uploads\/2024\/07\/Domaine-Lafond-Roc-Epine-Vigne-8-2048x1366.jpg 2048w\" sizes=\"auto, (max-width: 1024px) 100vw, 1024px\" \/><\/figure>\n\n\n\n<figure class=\"wp-block-image size-large\"><img loading=\"lazy\" decoding=\"async\" width=\"1024\" height=\"683\" data-id=\"53\" src=\"https:\/\/domaine-lafond.com\/wp-content\/uploads\/2024\/07\/Domaine-Lafond-Roc-Epine-Vigne-9-1024x683.jpg\" alt=\"\" class=\"wp-image-53\" srcset=\"https:\/\/domaine-lafond.com\/wp-content\/uploads\/2024\/07\/Domaine-Lafond-Roc-Epine-Vigne-9-1024x683.jpg 1024w, https:\/\/domaine-lafond.com\/wp-content\/uploads\/2024\/07\/Domaine-Lafond-Roc-Epine-Vigne-9-300x200.jpg 300w, https:\/\/domaine-lafond.com\/wp-content\/uploads\/2024\/07\/Domaine-Lafond-Roc-Epine-Vigne-9-768x512.jpg 768w, https:\/\/domaine-lafond.com\/wp-content\/uploads\/2024\/07\/Domaine-Lafond-Roc-Epine-Vigne-9-1536x1025.jpg 1536w, https:\/\/domaine-lafond.com\/wp-content\/uploads\/2024\/07\/Domaine-Lafond-Roc-Epine-Vigne-9-2048x1366.jpg 2048w\" sizes=\"auto, (max-width: 1024px) 100vw, 1024px\" \/><\/figure>\n\n\n\n<figure class=\"wp-block-image size-large\"><img loading=\"lazy\" decoding=\"async\" width=\"1024\" height=\"683\" data-id=\"60\" src=\"https:\/\/domaine-lafond.com\/wp-content\/uploads\/2024\/07\/Domaine-Lafond-Roc-Epine-Vigne-10-1024x683.jpg\" alt=\"\" class=\"wp-image-60\" srcset=\"https:\/\/domaine-lafond.com\/wp-content\/uploads\/2024\/07\/Domaine-Lafond-Roc-Epine-Vigne-10-1024x683.jpg 1024w, https:\/\/domaine-lafond.com\/wp-content\/uploads\/2024\/07\/Domaine-Lafond-Roc-Epine-Vigne-10-300x200.jpg 300w, https:\/\/domaine-lafond.com\/wp-content\/uploads\/2024\/07\/Domaine-Lafond-Roc-Epine-Vigne-10-768x512.jpg 768w, https:\/\/domaine-lafond.com\/wp-content\/uploads\/2024\/07\/Domaine-Lafond-Roc-Epine-Vigne-10-1536x1025.jpg 1536w, https:\/\/domaine-lafond.com\/wp-content\/uploads\/2024\/07\/Domaine-Lafond-Roc-Epine-Vigne-10-2048x1366.jpg 2048w\" sizes=\"auto, (max-width: 1024px) 100vw, 1024px\" \/><\/figure>\n\n\n\n<figure class=\"wp-block-image size-large\"><img loading=\"lazy\" decoding=\"async\" width=\"1024\" height=\"681\" data-id=\"63\" src=\"https:\/\/domaine-lafond.com\/wp-content\/uploads\/2024\/07\/DSC_8967-1024x681.jpg\" alt=\"\" class=\"wp-image-63\" srcset=\"https:\/\/domaine-lafond.com\/wp-content\/uploads\/2024\/07\/DSC_8967-1024x681.jpg 1024w, https:\/\/domaine-lafond.com\/wp-content\/uploads\/2024\/07\/DSC_8967-300x200.jpg 300w, https:\/\/domaine-lafond.com\/wp-content\/uploads\/2024\/07\/DSC_8967-768x511.jpg 768w, https:\/\/domaine-lafond.com\/wp-content\/uploads\/2024\/07\/DSC_8967-1536x1022.jpg 1536w, https:\/\/domaine-lafond.com\/wp-content\/uploads\/2024\/07\/DSC_8967-2048x1363.jpg 2048w\" sizes=\"auto, (max-width: 1024px) 100vw, 1024px\" \/><\/figure>\n\n\n\n<figure class=\"wp-block-image size-large\"><img loading=\"lazy\" decoding=\"async\" width=\"1024\" height=\"681\" data-id=\"67\" src=\"https:\/\/domaine-lafond.com\/wp-content\/uploads\/2024\/07\/DSC_9041-1024x681.jpg\" alt=\"\" class=\"wp-image-67\" srcset=\"https:\/\/domaine-lafond.com\/wp-content\/uploads\/2024\/07\/DSC_9041-1024x681.jpg 1024w, https:\/\/domaine-lafond.com\/wp-content\/uploads\/2024\/07\/DSC_9041-300x200.jpg 300w, https:\/\/domaine-lafond.com\/wp-content\/uploads\/2024\/07\/DSC_9041-768x511.jpg 768w, https:\/\/domaine-lafond.com\/wp-content\/uploads\/2024\/07\/DSC_9041-1536x1022.jpg 1536w, https:\/\/domaine-lafond.com\/wp-content\/uploads\/2024\/07\/DSC_9041-2048x1363.jpg 2048w\" sizes=\"auto, (max-width: 1024px) 100vw, 1024px\" \/><\/figure>\n\n\n\n<figure class=\"wp-block-image size-large\"><img loading=\"lazy\" decoding=\"async\" width=\"1024\" height=\"734\" data-id=\"62\" src=\"https:\/\/domaine-lafond.com\/wp-content\/uploads\/2024\/07\/DSC_9068-1024x734.jpg\" alt=\"\" class=\"wp-image-62\" srcset=\"https:\/\/domaine-lafond.com\/wp-content\/uploads\/2024\/07\/DSC_9068-1024x734.jpg 1024w, https:\/\/domaine-lafond.com\/wp-content\/uploads\/2024\/07\/DSC_9068-300x215.jpg 300w, https:\/\/domaine-lafond.com\/wp-content\/uploads\/2024\/07\/DSC_9068-768x550.jpg 768w, https:\/\/domaine-lafond.com\/wp-content\/uploads\/2024\/07\/DSC_9068-1536x1101.jpg 1536w, https:\/\/domaine-lafond.com\/wp-content\/uploads\/2024\/07\/DSC_9068-2048x1468.jpg 2048w\" sizes=\"auto, (max-width: 1024px) 100vw, 1024px\" \/><\/figure>\n\n\n\n<figure class=\"wp-block-image size-large\"><img loading=\"lazy\" decoding=\"async\" width=\"1024\" height=\"681\" data-id=\"70\" src=\"https:\/\/domaine-lafond.com\/wp-content\/uploads\/2024\/07\/vendanges-manuelles-1024x681.jpg\" alt=\"\" class=\"wp-image-70\" srcset=\"https:\/\/domaine-lafond.com\/wp-content\/uploads\/2024\/07\/vendanges-manuelles-1024x681.jpg 1024w, https:\/\/domaine-lafond.com\/wp-content\/uploads\/2024\/07\/vendanges-manuelles-300x200.jpg 300w, https:\/\/domaine-lafond.com\/wp-content\/uploads\/2024\/07\/vendanges-manuelles-768x511.jpg 768w, https:\/\/domaine-lafond.com\/wp-content\/uploads\/2024\/07\/vendanges-manuelles-1536x1022.jpg 1536w, https:\/\/domaine-lafond.com\/wp-content\/uploads\/2024\/07\/vendanges-manuelles-2048x1363.jpg 2048w\" sizes=\"auto, (max-width: 1024px) 100vw, 1024px\" \/><\/figure>\n\n\n\n<figure class=\"wp-block-image size-large\"><img loading=\"lazy\" decoding=\"async\" width=\"1024\" height=\"681\" data-id=\"69\" src=\"https:\/\/domaine-lafond.com\/wp-content\/uploads\/2024\/07\/vendangeur-Marocain.-en-forme--1024x681.jpg\" alt=\"\" class=\"wp-image-69\" srcset=\"https:\/\/domaine-lafond.com\/wp-content\/uploads\/2024\/07\/vendangeur-Marocain.-en-forme--1024x681.jpg 1024w, https:\/\/domaine-lafond.com\/wp-content\/uploads\/2024\/07\/vendangeur-Marocain.-en-forme--300x200.jpg 300w, https:\/\/domaine-lafond.com\/wp-content\/uploads\/2024\/07\/vendangeur-Marocain.-en-forme--768x511.jpg 768w, https:\/\/domaine-lafond.com\/wp-content\/uploads\/2024\/07\/vendangeur-Marocain.-en-forme--1536x1022.jpg 1536w, https:\/\/domaine-lafond.com\/wp-content\/uploads\/2024\/07\/vendangeur-Marocain.-en-forme--2048x1363.jpg 2048w\" sizes=\"auto, (max-width: 1024px) 100vw, 1024px\" \/><\/figure>\n\n\n\n<figure class=\"wp-block-image size-large\"><img loading=\"lazy\" decoding=\"async\" width=\"1024\" height=\"681\" data-id=\"66\" src=\"https:\/\/domaine-lafond.com\/wp-content\/uploads\/2024\/07\/vieux-grenache-sur-lauzesDSC_9003-1024x681.jpg\" alt=\"\" class=\"wp-image-66\" srcset=\"https:\/\/domaine-lafond.com\/wp-content\/uploads\/2024\/07\/vieux-grenache-sur-lauzesDSC_9003-1024x681.jpg 1024w, https:\/\/domaine-lafond.com\/wp-content\/uploads\/2024\/07\/vieux-grenache-sur-lauzesDSC_9003-300x200.jpg 300w, https:\/\/domaine-lafond.com\/wp-content\/uploads\/2024\/07\/vieux-grenache-sur-lauzesDSC_9003-768x511.jpg 768w, https:\/\/domaine-lafond.com\/wp-content\/uploads\/2024\/07\/vieux-grenache-sur-lauzesDSC_9003-1536x1022.jpg 1536w, https:\/\/domaine-lafond.com\/wp-content\/uploads\/2024\/07\/vieux-grenache-sur-lauzesDSC_9003-2048x1363.jpg 2048w\" sizes=\"auto, (max-width: 1024px) 100vw, 1024px\" \/><\/figure>\n\n\n\n<figure class=\"wp-block-image size-large\"><img loading=\"lazy\" decoding=\"async\" width=\"1024\" height=\"683\" data-id=\"180\" src=\"https:\/\/domaine-lafond.com\/wp-content\/uploads\/2024\/10\/Tezza-9853-1024x683.jpg\" alt=\"\" class=\"wp-image-180\" srcset=\"https:\/\/domaine-lafond.com\/wp-content\/uploads\/2024\/10\/Tezza-9853-1024x683.jpg 1024w, https:\/\/domaine-lafond.com\/wp-content\/uploads\/2024\/10\/Tezza-9853-300x200.jpg 300w, https:\/\/domaine-lafond.com\/wp-content\/uploads\/2024\/10\/Tezza-9853-768x512.jpg 768w, https:\/\/domaine-lafond.com\/wp-content\/uploads\/2024\/10\/Tezza-9853-1536x1024.jpg 1536w, https:\/\/domaine-lafond.com\/wp-content\/uploads\/2024\/10\/Tezza-9853-2048x1365.jpg 2048w\" sizes=\"auto, (max-width: 1024px) 100vw, 1024px\" \/><\/figure>\n\n\n\n<figure class=\"wp-block-image size-large\"><img loading=\"lazy\" decoding=\"async\" width=\"1024\" height=\"683\" data-id=\"181\" src=\"https:\/\/domaine-lafond.com\/wp-content\/uploads\/2024\/10\/Tezza-2949-1024x683.jpg\" alt=\"\" class=\"wp-image-181\" srcset=\"https:\/\/domaine-lafond.com\/wp-content\/uploads\/2024\/10\/Tezza-2949-1024x683.jpg 1024w, https:\/\/domaine-lafond.com\/wp-content\/uploads\/2024\/10\/Tezza-2949-300x200.jpg 300w, https:\/\/domaine-lafond.com\/wp-content\/uploads\/2024\/10\/Tezza-2949-768x512.jpg 768w, https:\/\/domaine-lafond.com\/wp-content\/uploads\/2024\/10\/Tezza-2949-1536x1024.jpg 1536w, https:\/\/domaine-lafond.com\/wp-content\/uploads\/2024\/10\/Tezza-2949-2048x1365.jpg 2048w\" sizes=\"auto, (max-width: 1024px) 100vw, 1024px\" \/><\/figure>\n\n\n\n<figure class=\"wp-block-image size-large\"><img loading=\"lazy\" decoding=\"async\" width=\"1024\" height=\"683\" data-id=\"176\" src=\"https:\/\/domaine-lafond.com\/wp-content\/uploads\/2024\/10\/Tezza-5633-1024x683.jpg\" alt=\"\" class=\"wp-image-176\" srcset=\"https:\/\/domaine-lafond.com\/wp-content\/uploads\/2024\/10\/Tezza-5633-1024x683.jpg 1024w, https:\/\/domaine-lafond.com\/wp-content\/uploads\/2024\/10\/Tezza-5633-300x200.jpg 300w, https:\/\/domaine-lafond.com\/wp-content\/uploads\/2024\/10\/Tezza-5633-768x512.jpg 768w, https:\/\/domaine-lafond.com\/wp-content\/uploads\/2024\/10\/Tezza-5633-1536x1024.jpg 1536w, https:\/\/domaine-lafond.com\/wp-content\/uploads\/2024\/10\/Tezza-5633-2048x1365.jpg 2048w\" sizes=\"auto, (max-width: 1024px) 100vw, 1024px\" \/><\/figure>\n\n\n\n<figure class=\"wp-block-image size-large\"><img decoding=\"async\" data-id=\"171\" src=\"https:\/\/domaine-lafond.com\/wp-content\/uploads\/2024\/10\/Tezza-1771.jpg\" alt=\"\" class=\"wp-image-171\"\/><\/figure>\n\n\n\n<figure class=\"wp-block-image size-large\"><img decoding=\"async\" data-id=\"168\" src=\"https:\/\/domaine-lafond.com\/wp-content\/uploads\/2024\/10\/Tezza-9151.jpg\" alt=\"\" class=\"wp-image-168\"\/><\/figure>\n\n\n\n<figure class=\"wp-block-image size-large\"><img loading=\"lazy\" decoding=\"async\" width=\"1707\" height=\"2560\" data-id=\"165\" src=\"https:\/\/domaine-lafond.com\/wp-content\/uploads\/2024\/10\/Tezza-1287-scaled.jpg\" alt=\"\" class=\"wp-image-165\"\/><\/figure>\n\n\n\n<figure class=\"wp-block-image size-large\"><img loading=\"lazy\" decoding=\"async\" width=\"1024\" height=\"565\" data-id=\"161\" src=\"https:\/\/domaine-lafond.com\/wp-content\/uploads\/2024\/10\/Tezza-8930-1024x565.jpg\" alt=\"\" class=\"wp-image-161\" srcset=\"https:\/\/domaine-lafond.com\/wp-content\/uploads\/2024\/10\/Tezza-8930-1024x565.jpg 1024w, https:\/\/domaine-lafond.com\/wp-content\/uploads\/2024\/10\/Tezza-8930-300x166.jpg 300w, https:\/\/domaine-lafond.com\/wp-content\/uploads\/2024\/10\/Tezza-8930-768x424.jpg 768w, https:\/\/domaine-lafond.com\/wp-content\/uploads\/2024\/10\/Tezza-8930-1536x847.jpg 1536w, https:\/\/domaine-lafond.com\/wp-content\/uploads\/2024\/10\/Tezza-8930-2048x1130.jpg 2048w\" sizes=\"auto, (max-width: 1024px) 100vw, 1024px\" \/><\/figure>\n<\/figure>\n","protected":false},"excerpt":{"rendered":"<p>Le Domaine Lafond Roc-Epine est cr\u00e9\u00e9 en 1970 par Jean-Pierre Lafond avec 20ha de Tavel. Quelques ann\u00e9es plus tard, en [&hellip;]<\/p>\n","protected":false},"author":1,"featured_media":0,"parent":0,"menu_order":0,"comment_status":"closed","ping_status":"closed","template":"","meta":{"site-sidebar-layout":"default","site-content-layout":"","ast-site-content-layout":"","site-content-style":"default","site-sidebar-style":"default","ast-global-header-display":"","ast-banner-title-visibility":"","ast-main-header-display":"","ast-hfb-above-header-display":"","ast-hfb-below-header-display":"","ast-hfb-mobile-header-display":"","site-post-title":"","ast-breadcrumbs-content":"","ast-featured-img":"","footer-sml-layout":"","theme-transparent-header-meta":"","adv-header-id-meta":"","stick-header-meta":"","header-above-stick-meta":"","header-main-stick-meta":"","header-below-stick-meta":"","astra-migrate-meta-layouts":"default","ast-page-background-enabled":"default","ast-page-background-meta":{"desktop":{"background-color":"var(--ast-global-color-4)","background-image":"","background-repeat":"repeat","background-position":"center center","background-size":"auto","background-attachment":"scroll","background-type":"","background-media":"","overlay-type":"","overlay-color":"","overlay-opacity":"","overlay-gradient":""},"tablet":{"background-color":"","background-image":"","background-repeat":"repeat","background-position":"center center","background-size":"auto","background-attachment":"scroll","background-type":"","background-media":"","overlay-type":"","overlay-color":"","overlay-opacity":"","overlay-gradient":""},"mobile":{"background-color":"","background-image":"","background-repeat":"repeat","background-position":"center center","background-size":"auto","background-attachment":"scroll","background-type":"","background-media":"","overlay-type":"","overlay-color":"","overlay-opacity":"","overlay-gradient":""}},"ast-content-background-meta":{"desktop":{"background-color":"var(--ast-global-color-5)","background-image":"","background-repeat":"repeat","background-position":"center center","background-size":"auto","background-attachment":"scroll","background-type":"","background-media":"","overlay-type":"","overlay-color":"","overlay-opacity":"","overlay-gradient":""},"tablet":{"background-color":"var(--ast-global-color-5)","background-image":"","background-repeat":"repeat","background-position":"center center","background-size":"auto","background-attachment":"scroll","background-type":"","background-media":"","overlay-type":"","overlay-color":"","overlay-opacity":"","overlay-gradient":""},"mobile":{"background-color":"var(--ast-global-color-5)","background-image":"","background-repeat":"repeat","background-position":"center center","background-size":"auto","background-attachment":"scroll","background-type":"","background-media":"","overlay-type":"","overlay-color":"","overlay-opacity":"","overlay-gradient":""}},"footnotes":""},"class_list":["post-50","page","type-page","status-publish","hentry"],"_links":{"self":[{"href":"https:\/\/domaine-lafond.com\/index.php\/wp-json\/wp\/v2\/pages\/50","targetHints":{"allow":["GET"]}}],"collection":[{"href":"https:\/\/domaine-lafond.com\/index.php\/wp-json\/wp\/v2\/pages"}],"about":[{"href":"https:\/\/domaine-lafond.com\/index.php\/wp-json\/wp\/v2\/types\/page"}],"author":[{"embeddable":true,"href":"https:\/\/domaine-lafond.com\/index.php\/wp-json\/wp\/v2\/users\/1"}],"replies":[{"embeddable":true,"href":"https:\/\/domaine-lafond.com\/index.php\/wp-json\/wp\/v2\/comments?post=50"}],"version-history":[{"count":7,"href":"https:\/\/domaine-lafond.com\/index.php\/wp-json\/wp\/v2\/pages\/50\/revisions"}],"predecessor-version":[{"id":208,"href":"https:\/\/domaine-lafond.com\/index.php\/wp-json\/wp\/v2\/pages\/50\/revisions\/208"}],"wp:attachment":[{"href":"https:\/\/domaine-lafond.com\/index.php\/wp-json\/wp\/v2\/media?parent=50"}],"curies":[{"name":"wp","href":"https:\/\/api.w.org\/{rel}","templated":true}]}}