{"id":37,"date":"2024-07-15T22:08:40","date_gmt":"2024-07-15T20:08:40","guid":{"rendered":"https:\/\/domaine-lafond.com\/?page_id=37"},"modified":"2024-10-11T21:52:14","modified_gmt":"2024-10-11T19:52:14","slug":"lacave","status":"publish","type":"page","link":"https:\/\/domaine-lafond.com\/","title":{"rendered":"La cave"},"content":{"rendered":"\n<figure class=\"wp-block-table is-style-regular has-small-font-size\"><table class=\"has-border-color has-ast-global-color-5-border-color has-fixed-layout\"><tbody><tr><td class=\"has-text-align-center\" data-align=\"center\"><\/td><td><\/td><td class=\"has-text-align-center\" data-align=\"center\"><a href=\"https:\/\/domaine-lafond.com\/index.php\/the-cellar\/\" data-type=\"page\" data-id=\"196\"><img loading=\"lazy\" decoding=\"async\" width=\"30\" height=\"21\" class=\"wp-image-134\" style=\"width: 30px;\" src=\"http:\/\/domaine-lafond.com\/wp-content\/uploads\/2024\/07\/en.jpg\" alt=\"\"><\/a><\/td><\/tr><\/tbody><\/table><\/figure>\n\n\n\n<p>Apr\u00e8s la vigne, la cave. L\u2019envie de sortir de l\u2019industrie chimique et de la standardisation des vins et tr\u00e8s forte. Nous voulons retrouver le go\u00fbt de nos c\u00e9pages et de nos terroirs. Sentir des \u00e9nergies dans nos vins et surtout des \u00e9motions en les d\u00e9gustant.<\/p>\n\n\n\n<figure class=\"wp-block-gallery has-nested-images columns-default is-cropped wp-block-gallery-1 is-layout-flex wp-block-gallery-is-layout-flex\">\n<figure class=\"wp-block-image size-large\"><img loading=\"lazy\" decoding=\"async\" width=\"680\" height=\"453\" data-id=\"15\" src=\"https:\/\/domaine-lafond.com\/wp-content\/uploads\/2024\/07\/2020-10-21-2.jpg\" alt=\"\" class=\"wp-image-15\" srcset=\"https:\/\/domaine-lafond.com\/wp-content\/uploads\/2024\/07\/2020-10-21-2.jpg 680w, https:\/\/domaine-lafond.com\/wp-content\/uploads\/2024\/07\/2020-10-21-2-300x200.jpg 300w\" sizes=\"auto, (max-width: 680px) 100vw, 680px\" \/><\/figure>\n\n\n\n<figure class=\"wp-block-image size-large\"><img loading=\"lazy\" decoding=\"async\" width=\"680\" height=\"453\" data-id=\"12\" src=\"https:\/\/domaine-lafond.com\/wp-content\/uploads\/2024\/07\/2020-10-21-4.jpg\" alt=\"\" class=\"wp-image-12\" srcset=\"https:\/\/domaine-lafond.com\/wp-content\/uploads\/2024\/07\/2020-10-21-4.jpg 680w, https:\/\/domaine-lafond.com\/wp-content\/uploads\/2024\/07\/2020-10-21-4-300x200.jpg 300w\" sizes=\"auto, (max-width: 680px) 100vw, 680px\" \/><\/figure>\n\n\n\n<figure class=\"wp-block-image size-large\"><img loading=\"lazy\" decoding=\"async\" width=\"1024\" height=\"683\" data-id=\"44\" src=\"https:\/\/domaine-lafond.com\/wp-content\/uploads\/2024\/07\/VP2_4188_1-1024x683.jpg\" alt=\"\" class=\"wp-image-44\" srcset=\"https:\/\/domaine-lafond.com\/wp-content\/uploads\/2024\/07\/VP2_4188_1-1024x683.jpg 1024w, https:\/\/domaine-lafond.com\/wp-content\/uploads\/2024\/07\/VP2_4188_1-300x200.jpg 300w, https:\/\/domaine-lafond.com\/wp-content\/uploads\/2024\/07\/VP2_4188_1-768x513.jpg 768w\" sizes=\"auto, (max-width: 1024px) 100vw, 1024px\" \/><\/figure>\n\n\n\n<figure class=\"wp-block-image size-large\"><img loading=\"lazy\" decoding=\"async\" width=\"1024\" height=\"683\" data-id=\"43\" src=\"https:\/\/domaine-lafond.com\/wp-content\/uploads\/2024\/07\/Domaine-Lafond-Roc-Epine-La-Vie-au-Domaine-5-1024x683.jpg\" alt=\"\" class=\"wp-image-43\" srcset=\"https:\/\/domaine-lafond.com\/wp-content\/uploads\/2024\/07\/Domaine-Lafond-Roc-Epine-La-Vie-au-Domaine-5-1024x683.jpg 1024w, https:\/\/domaine-lafond.com\/wp-content\/uploads\/2024\/07\/Domaine-Lafond-Roc-Epine-La-Vie-au-Domaine-5-300x200.jpg 300w, https:\/\/domaine-lafond.com\/wp-content\/uploads\/2024\/07\/Domaine-Lafond-Roc-Epine-La-Vie-au-Domaine-5-768x512.jpg 768w, https:\/\/domaine-lafond.com\/wp-content\/uploads\/2024\/07\/Domaine-Lafond-Roc-Epine-La-Vie-au-Domaine-5-1536x1025.jpg 1536w, https:\/\/domaine-lafond.com\/wp-content\/uploads\/2024\/07\/Domaine-Lafond-Roc-Epine-La-Vie-au-Domaine-5-2048x1366.jpg 2048w\" sizes=\"auto, (max-width: 1024px) 100vw, 1024px\" \/><\/figure>\n\n\n\n<figure class=\"wp-block-image size-large\"><img loading=\"lazy\" decoding=\"async\" width=\"1024\" height=\"683\" data-id=\"41\" src=\"https:\/\/domaine-lafond.com\/wp-content\/uploads\/2024\/07\/Domaine-Lafond-Roc-Epine-La-Vie-au-Domaine-2-1024x683.jpg\" alt=\"\" class=\"wp-image-41\" srcset=\"https:\/\/domaine-lafond.com\/wp-content\/uploads\/2024\/07\/Domaine-Lafond-Roc-Epine-La-Vie-au-Domaine-2-1024x683.jpg 1024w, https:\/\/domaine-lafond.com\/wp-content\/uploads\/2024\/07\/Domaine-Lafond-Roc-Epine-La-Vie-au-Domaine-2-300x200.jpg 300w, https:\/\/domaine-lafond.com\/wp-content\/uploads\/2024\/07\/Domaine-Lafond-Roc-Epine-La-Vie-au-Domaine-2-768x512.jpg 768w, https:\/\/domaine-lafond.com\/wp-content\/uploads\/2024\/07\/Domaine-Lafond-Roc-Epine-La-Vie-au-Domaine-2-1536x1025.jpg 1536w, https:\/\/domaine-lafond.com\/wp-content\/uploads\/2024\/07\/Domaine-Lafond-Roc-Epine-La-Vie-au-Domaine-2-2048x1366.jpg 2048w\" sizes=\"auto, (max-width: 1024px) 100vw, 1024px\" \/><\/figure>\n\n\n\n<figure class=\"wp-block-image size-large\"><img loading=\"lazy\" decoding=\"async\" width=\"1024\" height=\"656\" data-id=\"42\" src=\"https:\/\/domaine-lafond.com\/wp-content\/uploads\/2024\/07\/Domaine-Lafond-Roc-Epine-La-Vie-au-Domaine-1-1024x656.jpg\" alt=\"\" class=\"wp-image-42\" srcset=\"https:\/\/domaine-lafond.com\/wp-content\/uploads\/2024\/07\/Domaine-Lafond-Roc-Epine-La-Vie-au-Domaine-1-1024x656.jpg 1024w, https:\/\/domaine-lafond.com\/wp-content\/uploads\/2024\/07\/Domaine-Lafond-Roc-Epine-La-Vie-au-Domaine-1-300x192.jpg 300w, https:\/\/domaine-lafond.com\/wp-content\/uploads\/2024\/07\/Domaine-Lafond-Roc-Epine-La-Vie-au-Domaine-1-768x492.jpg 768w, https:\/\/domaine-lafond.com\/wp-content\/uploads\/2024\/07\/Domaine-Lafond-Roc-Epine-La-Vie-au-Domaine-1-1536x984.jpg 1536w, https:\/\/domaine-lafond.com\/wp-content\/uploads\/2024\/07\/Domaine-Lafond-Roc-Epine-La-Vie-au-Domaine-1-2048x1312.jpg 2048w\" sizes=\"auto, (max-width: 1024px) 100vw, 1024px\" \/><\/figure>\n\n\n\n<figure class=\"wp-block-image size-large\"><img loading=\"lazy\" decoding=\"async\" width=\"683\" height=\"1024\" data-id=\"182\" src=\"https:\/\/domaine-lafond.com\/wp-content\/uploads\/2024\/10\/Tezza-7288-683x1024.jpg\" alt=\"\" class=\"wp-image-182\" srcset=\"https:\/\/domaine-lafond.com\/wp-content\/uploads\/2024\/10\/Tezza-7288-683x1024.jpg 683w, https:\/\/domaine-lafond.com\/wp-content\/uploads\/2024\/10\/Tezza-7288-200x300.jpg 200w, https:\/\/domaine-lafond.com\/wp-content\/uploads\/2024\/10\/Tezza-7288-768x1152.jpg 768w, https:\/\/domaine-lafond.com\/wp-content\/uploads\/2024\/10\/Tezza-7288-1024x1536.jpg 1024w, https:\/\/domaine-lafond.com\/wp-content\/uploads\/2024\/10\/Tezza-7288-1365x2048.jpg 1365w, https:\/\/domaine-lafond.com\/wp-content\/uploads\/2024\/10\/Tezza-7288-scaled.jpg 1707w\" sizes=\"auto, (max-width: 683px) 100vw, 683px\" \/><\/figure>\n\n\n\n<figure class=\"wp-block-image size-large\"><img loading=\"lazy\" decoding=\"async\" width=\"1707\" height=\"2560\" data-id=\"178\" src=\"https:\/\/domaine-lafond.com\/wp-content\/uploads\/2024\/10\/Tezza-0815-1-scaled.jpg\" alt=\"\" class=\"wp-image-178\" srcset=\"https:\/\/domaine-lafond.com\/wp-content\/uploads\/2024\/10\/Tezza-0815-1-scaled.jpg 1707w, https:\/\/domaine-lafond.com\/wp-content\/uploads\/2024\/10\/Tezza-0815-1-200x300.jpg 200w\" sizes=\"auto, (max-width: 1707px) 100vw, 1707px\" \/><\/figure>\n\n\n\n<figure class=\"wp-block-image size-large\"><img loading=\"lazy\" decoding=\"async\" width=\"683\" height=\"1024\" data-id=\"179\" src=\"https:\/\/domaine-lafond.com\/wp-content\/uploads\/2024\/10\/Tezza-5664-683x1024.jpg\" alt=\"\" class=\"wp-image-179\" srcset=\"https:\/\/domaine-lafond.com\/wp-content\/uploads\/2024\/10\/Tezza-5664-683x1024.jpg 683w, https:\/\/domaine-lafond.com\/wp-content\/uploads\/2024\/10\/Tezza-5664-200x300.jpg 200w, https:\/\/domaine-lafond.com\/wp-content\/uploads\/2024\/10\/Tezza-5664-768x1152.jpg 768w, https:\/\/domaine-lafond.com\/wp-content\/uploads\/2024\/10\/Tezza-5664-1024x1536.jpg 1024w, https:\/\/domaine-lafond.com\/wp-content\/uploads\/2024\/10\/Tezza-5664-scaled.jpg 1707w\" sizes=\"auto, (max-width: 683px) 100vw, 683px\" \/><\/figure>\n\n\n\n<figure class=\"wp-block-image size-large\"><img loading=\"lazy\" decoding=\"async\" width=\"683\" height=\"1024\" data-id=\"177\" src=\"https:\/\/domaine-lafond.com\/wp-content\/uploads\/2024\/10\/Tezza-6269-683x1024.jpg\" alt=\"\" class=\"wp-image-177\" srcset=\"https:\/\/domaine-lafond.com\/wp-content\/uploads\/2024\/10\/Tezza-6269-683x1024.jpg 683w, https:\/\/domaine-lafond.com\/wp-content\/uploads\/2024\/10\/Tezza-6269-200x300.jpg 200w, https:\/\/domaine-lafond.com\/wp-content\/uploads\/2024\/10\/Tezza-6269-768x1152.jpg 768w, https:\/\/domaine-lafond.com\/wp-content\/uploads\/2024\/10\/Tezza-6269-1024x1536.jpg 1024w, https:\/\/domaine-lafond.com\/wp-content\/uploads\/2024\/10\/Tezza-6269-1365x2048.jpg 1365w, https:\/\/domaine-lafond.com\/wp-content\/uploads\/2024\/10\/Tezza-6269-scaled.jpg 1707w\" sizes=\"auto, (max-width: 683px) 100vw, 683px\" \/><\/figure>\n\n\n\n<figure class=\"wp-block-image size-large\"><img decoding=\"async\" data-id=\"174\" src=\"https:\/\/domaine-lafond.com\/wp-content\/uploads\/2024\/10\/Tezza-5037.jpg\" alt=\"\" class=\"wp-image-174\"\/><\/figure>\n\n\n\n<figure class=\"wp-block-image size-large\"><img decoding=\"async\" data-id=\"175\" src=\"https:\/\/domaine-lafond.com\/wp-content\/uploads\/2024\/10\/Tezza-6054.jpg\" alt=\"\" class=\"wp-image-175\"\/><\/figure>\n\n\n\n<figure class=\"wp-block-image size-large\"><img decoding=\"async\" data-id=\"172\" src=\"https:\/\/domaine-lafond.com\/wp-content\/uploads\/2024\/10\/Tezza-5153.jpg\" alt=\"\" class=\"wp-image-172\"\/><\/figure>\n\n\n\n<figure class=\"wp-block-image size-large\"><img loading=\"lazy\" decoding=\"async\" width=\"683\" height=\"1024\" data-id=\"173\" src=\"https:\/\/domaine-lafond.com\/wp-content\/uploads\/2024\/10\/Tezza-7785-683x1024.jpg\" alt=\"\" class=\"wp-image-173\" srcset=\"https:\/\/domaine-lafond.com\/wp-content\/uploads\/2024\/10\/Tezza-7785-683x1024.jpg 683w, https:\/\/domaine-lafond.com\/wp-content\/uploads\/2024\/10\/Tezza-7785-200x300.jpg 200w, https:\/\/domaine-lafond.com\/wp-content\/uploads\/2024\/10\/Tezza-7785-768x1152.jpg 768w, https:\/\/domaine-lafond.com\/wp-content\/uploads\/2024\/10\/Tezza-7785-1024x1536.jpg 1024w, https:\/\/domaine-lafond.com\/wp-content\/uploads\/2024\/10\/Tezza-7785-1365x2048.jpg 1365w, https:\/\/domaine-lafond.com\/wp-content\/uploads\/2024\/10\/Tezza-7785-scaled.jpg 1707w\" sizes=\"auto, (max-width: 683px) 100vw, 683px\" \/><\/figure>\n\n\n\n<figure class=\"wp-block-image size-large\"><img decoding=\"async\" data-id=\"169\" src=\"https:\/\/domaine-lafond.com\/wp-content\/uploads\/2024\/10\/Tezza-9014.jpg\" alt=\"\" class=\"wp-image-169\"\/><\/figure>\n\n\n\n<figure class=\"wp-block-image size-large\"><img decoding=\"async\" data-id=\"170\" src=\"https:\/\/domaine-lafond.com\/wp-content\/uploads\/2024\/10\/Tezza-2185.jpg\" alt=\"\" class=\"wp-image-170\"\/><\/figure>\n\n\n\n<figure class=\"wp-block-image size-large\"><img decoding=\"async\" data-id=\"166\" src=\"https:\/\/domaine-lafond.com\/wp-content\/uploads\/2024\/10\/Tezza-5620.jpg\" alt=\"\" class=\"wp-image-166\"\/><\/figure>\n\n\n\n<figure class=\"wp-block-image size-large\"><img loading=\"lazy\" decoding=\"async\" width=\"1707\" height=\"2560\" data-id=\"167\" src=\"https:\/\/domaine-lafond.com\/wp-content\/uploads\/2024\/10\/Tezza-8987-scaled.jpg\" alt=\"\" class=\"wp-image-167\"\/><\/figure>\n\n\n\n<figure class=\"wp-block-image size-large\"><img loading=\"lazy\" decoding=\"async\" width=\"1707\" height=\"2560\" data-id=\"163\" src=\"https:\/\/domaine-lafond.com\/wp-content\/uploads\/2024\/10\/Tezza-1493-scaled.jpg\" alt=\"\" class=\"wp-image-163\"\/><\/figure>\n\n\n\n<figure class=\"wp-block-image size-large\"><img loading=\"lazy\" decoding=\"async\" width=\"2560\" height=\"1707\" data-id=\"164\" src=\"https:\/\/domaine-lafond.com\/wp-content\/uploads\/2024\/10\/Tezza-8420-scaled.jpg\" alt=\"\" class=\"wp-image-164\" srcset=\"https:\/\/domaine-lafond.com\/wp-content\/uploads\/2024\/10\/Tezza-8420-scaled.jpg 2560w, https:\/\/domaine-lafond.com\/wp-content\/uploads\/2024\/10\/Tezza-8420-300x200.jpg 300w\" sizes=\"auto, (max-width: 2560px) 100vw, 2560px\" \/><\/figure>\n\n\n\n<figure class=\"wp-block-image size-large\"><img loading=\"lazy\" decoding=\"async\" width=\"699\" height=\"1024\" data-id=\"162\" src=\"https:\/\/domaine-lafond.com\/wp-content\/uploads\/2024\/10\/Tezza-1201-699x1024.jpg\" alt=\"\" class=\"wp-image-162\" srcset=\"https:\/\/domaine-lafond.com\/wp-content\/uploads\/2024\/10\/Tezza-1201-699x1024.jpg 699w, https:\/\/domaine-lafond.com\/wp-content\/uploads\/2024\/10\/Tezza-1201-205x300.jpg 205w, https:\/\/domaine-lafond.com\/wp-content\/uploads\/2024\/10\/Tezza-1201-768x1125.jpg 768w, https:\/\/domaine-lafond.com\/wp-content\/uploads\/2024\/10\/Tezza-1201-1049x1536.jpg 1049w, https:\/\/domaine-lafond.com\/wp-content\/uploads\/2024\/10\/Tezza-1201-scaled.jpg 1748w\" sizes=\"auto, (max-width: 699px) 100vw, 699px\" \/><\/figure>\n<\/figure>\n","protected":false},"excerpt":{"rendered":"<p>Apr\u00e8s la vigne, la cave. L\u2019envie de sortir de l\u2019industrie chimique et de la standardisation des vins et tr\u00e8s forte. [&hellip;]<\/p>\n","protected":false},"author":1,"featured_media":0,"parent":0,"menu_order":0,"comment_status":"closed","ping_status":"closed","template":"","meta":{"site-sidebar-layout":"default","site-content-layout":"","ast-site-content-layout":"","site-content-style":"default","site-sidebar-style":"default","ast-global-header-display":"","ast-banner-title-visibility":"","ast-main-header-display":"","ast-hfb-above-header-display":"","ast-hfb-below-header-display":"","ast-hfb-mobile-header-display":"","site-post-title":"","ast-breadcrumbs-content":"","ast-featured-img":"","footer-sml-layout":"","theme-transparent-header-meta":"","adv-header-id-meta":"","stick-header-meta":"","header-above-stick-meta":"","header-main-stick-meta":"","header-below-stick-meta":"","astra-migrate-meta-layouts":"default","ast-page-background-enabled":"default","ast-page-background-meta":{"desktop":{"background-color":"var(--ast-global-color-4)","background-image":"","background-repeat":"repeat","background-position":"center center","background-size":"auto","background-attachment":"scroll","background-type":"","background-media":"","overlay-type":"","overlay-color":"","overlay-opacity":"","overlay-gradient":""},"tablet":{"background-color":"","background-image":"","background-repeat":"repeat","background-position":"center center","background-size":"auto","background-attachment":"scroll","background-type":"","background-media":"","overlay-type":"","overlay-color":"","overlay-opacity":"","overlay-gradient":""},"mobile":{"background-color":"","background-image":"","background-repeat":"repeat","background-position":"center center","background-size":"auto","background-attachment":"scroll","background-type":"","background-media":"","overlay-type":"","overlay-color":"","overlay-opacity":"","overlay-gradient":""}},"ast-content-background-meta":{"desktop":{"background-color":"var(--ast-global-color-5)","background-image":"","background-repeat":"repeat","background-position":"center center","background-size":"auto","background-attachment":"scroll","background-type":"","background-media":"","overlay-type":"","overlay-color":"","overlay-opacity":"","overlay-gradient":""},"tablet":{"background-color":"var(--ast-global-color-5)","background-image":"","background-repeat":"repeat","background-position":"center center","background-size":"auto","background-attachment":"scroll","background-type":"","background-media":"","overlay-type":"","overlay-color":"","overlay-opacity":"","overlay-gradient":""},"mobile":{"background-color":"var(--ast-global-color-5)","background-image":"","background-repeat":"repeat","background-position":"center center","background-size":"auto","background-attachment":"scroll","background-type":"","background-media":"","overlay-type":"","overlay-color":"","overlay-opacity":"","overlay-gradient":""}},"footnotes":""},"class_list":["post-37","page","type-page","status-publish","hentry"],"_links":{"self":[{"href":"https:\/\/domaine-lafond.com\/index.php\/wp-json\/wp\/v2\/pages\/37","targetHints":{"allow":["GET"]}}],"collection":[{"href":"https:\/\/domaine-lafond.com\/index.php\/wp-json\/wp\/v2\/pages"}],"about":[{"href":"https:\/\/domaine-lafond.com\/index.php\/wp-json\/wp\/v2\/types\/page"}],"author":[{"embeddable":true,"href":"https:\/\/domaine-lafond.com\/index.php\/wp-json\/wp\/v2\/users\/1"}],"replies":[{"embeddable":true,"href":"https:\/\/domaine-lafond.com\/index.php\/wp-json\/wp\/v2\/comments?post=37"}],"version-history":[{"count":11,"href":"https:\/\/domaine-lafond.com\/index.php\/wp-json\/wp\/v2\/pages\/37\/revisions"}],"predecessor-version":[{"id":206,"href":"https:\/\/domaine-lafond.com\/index.php\/wp-json\/wp\/v2\/pages\/37\/revisions\/206"}],"wp:attachment":[{"href":"https:\/\/domaine-lafond.com\/index.php\/wp-json\/wp\/v2\/media?parent=37"}],"curies":[{"name":"wp","href":"https:\/\/api.w.org\/{rel}","templated":true}]}}