{"id":129,"date":"2024-07-16T22:53:55","date_gmt":"2024-07-16T20:53:55","guid":{"rendered":"https:\/\/domaine-lafond.com\/?page_id=129"},"modified":"2024-12-04T09:01:31","modified_gmt":"2024-12-04T08:01:31","slug":"les-vins-2","status":"publish","type":"page","link":"https:\/\/domaine-lafond.com\/index.php\/les-vins-2\/","title":{"rendered":"Les vins"},"content":{"rendered":"\n<p><\/p>\n\n\n\n<p class=\"has-text-align-center\"><a href=\"https:\/\/domaine-lafond.com\/bon_de_commande_2025.pdf\" target=\"_blank\" rel=\"noreferrer noopener\"><img decoding=\"async\" style=\"width: 50px;\" src=\"http:\/\/domaine-lafond.com\/wp-content\/uploads\/2024\/10\/pdfb.png\" alt=\"Bon de commande\"><\/a><br><em><strong>R\u00e9cup\u00e9rer un bon de commande<\/strong><\/em><\/p>\n\n\n\n<p><\/p>\n\n\n\n<div class=\"wp-block-media-text is-stacked-on-mobile\" style=\"grid-template-columns:15% auto\"><figure class=\"wp-block-media-text__media\"><img loading=\"lazy\" decoding=\"async\" width=\"257\" height=\"1024\" src=\"http:\/\/domaine-lafond.com\/wp-content\/uploads\/2024\/07\/image-257x1024.png\" alt=\"\" class=\"wp-image-73 size-full\" srcset=\"https:\/\/domaine-lafond.com\/wp-content\/uploads\/2024\/07\/image-257x1024.png 257w, https:\/\/domaine-lafond.com\/wp-content\/uploads\/2024\/07\/image-75x300.png 75w, https:\/\/domaine-lafond.com\/wp-content\/uploads\/2024\/07\/image-385x1536.png 385w, https:\/\/domaine-lafond.com\/wp-content\/uploads\/2024\/07\/image.png 553w\" sizes=\"auto, (max-width: 257px) 100vw, 257px\" \/><\/figure><div class=\"wp-block-media-text__content\">\n<p><\/p>\n\n\n\n<div class=\"wp-block-columns is-layout-flex wp-container-core-columns-is-layout-28f84493 wp-block-columns-is-layout-flex\">\n<div class=\"wp-block-column is-layout-flow wp-block-column-is-layout-flow\" style=\"flex-basis:25%\">\n<figure class=\"wp-block-image aligncenter size-full\"><a href=\"https:\/\/domaine-lafond.com\/index.php\/les-vins\/\"><img loading=\"lazy\" decoding=\"async\" width=\"105\" height=\"73\" src=\"https:\/\/domaine-lafond.com\/wp-content\/uploads\/2024\/07\/fr.jpg\" alt=\"\" class=\"wp-image-133\"\/><\/a><\/figure>\n<\/div>\n\n\n\n<div class=\"wp-block-column is-layout-flow wp-block-column-is-layout-flow\" style=\"flex-basis:50%\">\n<p class=\"has-text-align-center\" style=\"font-size:30px\"><strong><mark style=\"background-color:rgba(0, 0, 0, 0)\" class=\"has-inline-color has-ast-global-color-1-color\">Cote du Rh\u00f4ne<\/mark><\/strong><\/p>\n<\/div>\n\n\n\n<div class=\"wp-block-column is-layout-flow wp-block-column-is-layout-flow\" style=\"flex-basis:25%\">\n<figure class=\"wp-block-image aligncenter size-full\"><a href=\"https:\/\/domaine-lafond.com\/index.php\/cdr-gb\/\"><img loading=\"lazy\" decoding=\"async\" width=\"112\" height=\"78\" src=\"https:\/\/domaine-lafond.com\/wp-content\/uploads\/2024\/07\/en.jpg\" alt=\"\" class=\"wp-image-134\"\/><\/a><\/figure>\n<\/div>\n<\/div>\n<\/div><\/div>\n\n\n\n<div class=\"wp-block-media-text has-media-on-the-right is-stacked-on-mobile\" style=\"grid-template-columns:auto 15%\"><div class=\"wp-block-media-text__content\">\n<p><\/p>\n\n\n\n<div class=\"wp-block-columns is-layout-flex wp-container-core-columns-is-layout-28f84493 wp-block-columns-is-layout-flex\">\n<div class=\"wp-block-column is-layout-flow wp-block-column-is-layout-flow\">\n<figure class=\"wp-block-image aligncenter size-full\"><a href=\"https:\/\/domaine-lafond.com\/index.php\/cdp\/\"><img loading=\"lazy\" decoding=\"async\" width=\"105\" height=\"73\" src=\"http:\/\/domaine-lafond.com\/wp-content\/uploads\/2024\/07\/fr.jpg\" alt=\"\" class=\"wp-image-133\"\/><\/a><\/figure>\n<\/div>\n\n\n\n<div class=\"wp-block-column is-layout-flow wp-block-column-is-layout-flow\">\n<p class=\"has-text-align-center\" style=\"font-size:29px\"><strong><mark style=\"background-color:rgba(0, 0, 0, 0)\" class=\"has-inline-color has-ast-global-color-1-color\">Ch\u00e2teauneuf du Pape<\/mark><\/strong><\/p>\n<\/div>\n\n\n\n<div class=\"wp-block-column is-layout-flow wp-block-column-is-layout-flow\">\n<figure class=\"wp-block-image aligncenter size-full\"><a href=\"https:\/\/domaine-lafond.com\/index.php\/cdp-gb\/\"><img loading=\"lazy\" decoding=\"async\" width=\"112\" height=\"78\" src=\"http:\/\/domaine-lafond.com\/wp-content\/uploads\/2024\/07\/en.jpg\" alt=\"\" class=\"wp-image-134\"\/><\/a><\/figure>\n<\/div>\n<\/div>\n<\/div><figure class=\"wp-block-media-text__media\"><img loading=\"lazy\" decoding=\"async\" width=\"263\" height=\"923\" src=\"http:\/\/domaine-lafond.com\/wp-content\/uploads\/2024\/07\/cdp.jpg\" alt=\"\" class=\"wp-image-90 size-full\"\/><\/figure><\/div>\n\n\n\n<div class=\"wp-block-media-text is-stacked-on-mobile\" style=\"grid-template-columns:15% auto\"><figure class=\"wp-block-media-text__media\"><img loading=\"lazy\" decoding=\"async\" width=\"240\" height=\"929\" src=\"http:\/\/domaine-lafond.com\/wp-content\/uploads\/2024\/07\/LiracB.jpg\" alt=\"\" class=\"wp-image-95 size-full\"\/><\/figure><div class=\"wp-block-media-text__content\">\n<p><\/p>\n\n\n\n<div class=\"wp-block-columns is-layout-flex wp-container-core-columns-is-layout-28f84493 wp-block-columns-is-layout-flex\">\n<div class=\"wp-block-column is-layout-flow wp-block-column-is-layout-flow\">\n<figure class=\"wp-block-image aligncenter size-full\"><a href=\"https:\/\/domaine-lafond.com\/index.php\/lirac-blanc\/\"><img loading=\"lazy\" decoding=\"async\" width=\"105\" height=\"73\" src=\"http:\/\/domaine-lafond.com\/wp-content\/uploads\/2024\/07\/fr.jpg\" alt=\"\" class=\"wp-image-133\"\/><\/a><\/figure>\n<\/div>\n\n\n\n<div class=\"wp-block-column is-layout-flow wp-block-column-is-layout-flow\">\n<p class=\"has-text-align-center\" style=\"font-size:30px\"><strong><mark style=\"background-color:rgba(0, 0, 0, 0)\" class=\"has-inline-color has-ast-global-color-1-color\">Lirac Blanc<\/mark><\/strong><\/p>\n<\/div>\n\n\n\n<div class=\"wp-block-column is-layout-flow wp-block-column-is-layout-flow\">\n<figure class=\"wp-block-image aligncenter size-full\"><a href=\"https:\/\/domaine-lafond.com\/index.php\/lirac-white\/\"><img loading=\"lazy\" decoding=\"async\" width=\"112\" height=\"78\" src=\"http:\/\/domaine-lafond.com\/wp-content\/uploads\/2024\/07\/en.jpg\" alt=\"\" class=\"wp-image-134\"\/><\/a><\/figure>\n<\/div>\n<\/div>\n<\/div><\/div>\n\n\n\n<div class=\"wp-block-media-text has-media-on-the-right is-stacked-on-mobile\" style=\"grid-template-columns:auto 15%\"><div class=\"wp-block-media-text__content\">\n<p><\/p>\n\n\n\n<div class=\"wp-block-columns is-layout-flex wp-container-core-columns-is-layout-28f84493 wp-block-columns-is-layout-flex\">\n<div class=\"wp-block-column is-layout-flow wp-block-column-is-layout-flow\">\n<figure class=\"wp-block-image aligncenter size-full\"><a href=\"https:\/\/domaine-lafond.com\/index.php\/lirac-rouge-ferme-romaine\/\"><img loading=\"lazy\" decoding=\"async\" width=\"105\" height=\"73\" src=\"http:\/\/domaine-lafond.com\/wp-content\/uploads\/2024\/07\/fr.jpg\" alt=\"\" class=\"wp-image-133\"\/><\/a><\/figure>\n<\/div>\n\n\n\n<div class=\"wp-block-column is-layout-flow wp-block-column-is-layout-flow\">\n<p class=\"has-text-align-center\" style=\"font-size:26px\"><strong>Lirac La Ferme Romaine<\/strong><\/p>\n<\/div>\n\n\n\n<div class=\"wp-block-column is-layout-flow wp-block-column-is-layout-flow\">\n<figure class=\"wp-block-image aligncenter size-full\"><a href=\"https:\/\/domaine-lafond.com\/index.php\/lirac-red\/\"><img loading=\"lazy\" decoding=\"async\" width=\"112\" height=\"78\" src=\"http:\/\/domaine-lafond.com\/wp-content\/uploads\/2024\/07\/en.jpg\" alt=\"\" class=\"wp-image-134\"\/><\/a><\/figure>\n<\/div>\n<\/div>\n<\/div><figure class=\"wp-block-media-text__media\"><img loading=\"lazy\" decoding=\"async\" width=\"271\" height=\"921\" src=\"http:\/\/domaine-lafond.com\/wp-content\/uploads\/2024\/07\/LiracRFermeRomaine.jpg\" alt=\"\" class=\"wp-image-100 size-full\" srcset=\"https:\/\/domaine-lafond.com\/wp-content\/uploads\/2024\/07\/LiracRFermeRomaine.jpg 271w, https:\/\/domaine-lafond.com\/wp-content\/uploads\/2024\/07\/LiracRFermeRomaine-88x300.jpg 88w\" sizes=\"auto, (max-width: 271px) 100vw, 271px\" \/><\/figure><\/div>\n\n\n\n<div class=\"wp-block-media-text is-stacked-on-mobile\" style=\"grid-template-columns:15% auto\"><figure class=\"wp-block-media-text__media\"><img loading=\"lazy\" decoding=\"async\" width=\"240\" height=\"925\" src=\"http:\/\/domaine-lafond.com\/wp-content\/uploads\/2024\/07\/LiracRocEpine.jpg\" alt=\"\" class=\"wp-image-106 size-full\" srcset=\"https:\/\/domaine-lafond.com\/wp-content\/uploads\/2024\/07\/LiracRocEpine.jpg 240w, https:\/\/domaine-lafond.com\/wp-content\/uploads\/2024\/07\/LiracRocEpine-78x300.jpg 78w\" sizes=\"auto, (max-width: 240px) 100vw, 240px\" \/><\/figure><div class=\"wp-block-media-text__content\">\n<p><\/p>\n\n\n\n<div class=\"wp-block-columns is-layout-flex wp-container-core-columns-is-layout-28f84493 wp-block-columns-is-layout-flex\">\n<div class=\"wp-block-column is-layout-flow wp-block-column-is-layout-flow\">\n<figure class=\"wp-block-image aligncenter size-full\"><a href=\"https:\/\/domaine-lafond.com\/index.php\/lirac-rouge\/\"><img loading=\"lazy\" decoding=\"async\" width=\"105\" height=\"73\" src=\"http:\/\/domaine-lafond.com\/wp-content\/uploads\/2024\/07\/fr.jpg\" alt=\"\" class=\"wp-image-133\"\/><\/a><\/figure>\n<\/div>\n\n\n\n<div class=\"wp-block-column is-layout-flow wp-block-column-is-layout-flow\">\n<p class=\"has-text-align-center\" style=\"font-size:30px\"><strong><mark style=\"background-color:rgba(0, 0, 0, 0)\" class=\"has-inline-color has-ast-global-color-1-color\">Lirac Roc Epine<\/mark><\/strong><\/p>\n<\/div>\n\n\n\n<div class=\"wp-block-column is-layout-flow wp-block-column-is-layout-flow\">\n<figure class=\"wp-block-image aligncenter size-full\"><a href=\"https:\/\/domaine-lafond.com\/index.php\/lirac-red-2\/\"><img loading=\"lazy\" decoding=\"async\" width=\"112\" height=\"78\" src=\"http:\/\/domaine-lafond.com\/wp-content\/uploads\/2024\/07\/en.jpg\" alt=\"\" class=\"wp-image-134\"\/><\/a><\/figure>\n<\/div>\n<\/div>\n<\/div><\/div>\n\n\n\n<div class=\"wp-block-media-text has-media-on-the-right is-stacked-on-mobile\" style=\"grid-template-columns:auto 15%\"><div class=\"wp-block-media-text__content\">\n<p><\/p>\n\n\n\n<div class=\"wp-block-columns is-layout-flex wp-container-core-columns-is-layout-28f84493 wp-block-columns-is-layout-flex\">\n<div class=\"wp-block-column is-layout-flow wp-block-column-is-layout-flow\">\n<figure class=\"wp-block-image aligncenter size-full\"><a href=\"https:\/\/domaine-lafond.com\/index.php\/tavel\/\"><img loading=\"lazy\" decoding=\"async\" width=\"105\" height=\"73\" src=\"http:\/\/domaine-lafond.com\/wp-content\/uploads\/2024\/07\/fr.jpg\" alt=\"\" class=\"wp-image-133\"\/><\/a><\/figure>\n<\/div>\n\n\n\n<div class=\"wp-block-column is-layout-flow wp-block-column-is-layout-flow\">\n<p class=\"has-text-align-center\" style=\"font-size:30px\"><strong><mark style=\"background-color:rgba(0, 0, 0, 0)\" class=\"has-inline-color has-ast-global-color-1-color\">Tavel Roc-Epine<\/mark><\/strong><\/p>\n<\/div>\n\n\n\n<div class=\"wp-block-column is-layout-flow wp-block-column-is-layout-flow\">\n<figure class=\"wp-block-image aligncenter size-full\"><a href=\"https:\/\/domaine-lafond.com\/index.php\/tavel-gb\/\"><img loading=\"lazy\" decoding=\"async\" width=\"112\" height=\"78\" src=\"http:\/\/domaine-lafond.com\/wp-content\/uploads\/2024\/07\/en.jpg\" alt=\"\" class=\"wp-image-134\"\/><\/a><\/figure>\n<\/div>\n<\/div>\n<\/div><figure class=\"wp-block-media-text__media\"><img loading=\"lazy\" decoding=\"async\" width=\"222\" height=\"917\" src=\"http:\/\/domaine-lafond.com\/wp-content\/uploads\/2024\/07\/TavelRose.jpg\" alt=\"\" class=\"wp-image-111 size-full\"\/><\/figure><\/div>\n\n\n\n<p><\/p>\n\n\n\n<p><\/p>\n\n\n\n<p><\/p>\n\n\n\n<p class=\"has-text-align-center\"><a href=\"https:\/\/domaine-lafond.com\/bon_de_commande_2025.pdf\" target=\"_blank\" rel=\"noreferrer noopener\"><img decoding=\"async\" style=\"width: 50px;\" src=\"http:\/\/domaine-lafond.com\/wp-content\/uploads\/2024\/10\/pdfb.png\" alt=\"Bon de commande\"><\/a><br><em><strong>R\u00e9cup\u00e9rer un bon de commande<\/strong><\/em><\/p>\n\n\n\n<p><\/p>\n","protected":false},"excerpt":{"rendered":"<p>R\u00e9cup\u00e9rer un bon de commande R\u00e9cup\u00e9rer un bon de commande<\/p>\n","protected":false},"author":1,"featured_media":0,"parent":0,"menu_order":0,"comment_status":"closed","ping_status":"closed","template":"","meta":{"site-sidebar-layout":"default","site-content-layout":"","ast-site-content-layout":"","site-content-style":"default","site-sidebar-style":"default","ast-global-header-display":"","ast-banner-title-visibility":"","ast-main-header-display":"","ast-hfb-above-header-display":"","ast-hfb-below-header-display":"","ast-hfb-mobile-header-display":"","site-post-title":"","ast-breadcrumbs-content":"","ast-featured-img":"","footer-sml-layout":"","theme-transparent-header-meta":"","adv-header-id-meta":"","stick-header-meta":"","header-above-stick-meta":"","header-main-stick-meta":"","header-below-stick-meta":"","astra-migrate-meta-layouts":"default","ast-page-background-enabled":"default","ast-page-background-meta":{"desktop":{"background-color":"var(--ast-global-color-4)","background-image":"","background-repeat":"repeat","background-position":"center center","background-size":"auto","background-attachment":"scroll","background-type":"","background-media":"","overlay-type":"","overlay-color":"","overlay-opacity":"","overlay-gradient":""},"tablet":{"background-color":"","background-image":"","background-repeat":"repeat","background-position":"center center","background-size":"auto","background-attachment":"scroll","background-type":"","background-media":"","overlay-type":"","overlay-color":"","overlay-opacity":"","overlay-gradient":""},"mobile":{"background-color":"","background-image":"","background-repeat":"repeat","background-position":"center center","background-size":"auto","background-attachment":"scroll","background-type":"","background-media":"","overlay-type":"","overlay-color":"","overlay-opacity":"","overlay-gradient":""}},"ast-content-background-meta":{"desktop":{"background-color":"var(--ast-global-color-5)","background-image":"","background-repeat":"repeat","background-position":"center center","background-size":"auto","background-attachment":"scroll","background-type":"","background-media":"","overlay-type":"","overlay-color":"","overlay-opacity":"","overlay-gradient":""},"tablet":{"background-color":"var(--ast-global-color-5)","background-image":"","background-repeat":"repeat","background-position":"center center","background-size":"auto","background-attachment":"scroll","background-type":"","background-media":"","overlay-type":"","overlay-color":"","overlay-opacity":"","overlay-gradient":""},"mobile":{"background-color":"var(--ast-global-color-5)","background-image":"","background-repeat":"repeat","background-position":"center center","background-size":"auto","background-attachment":"scroll","background-type":"","background-media":"","overlay-type":"","overlay-color":"","overlay-opacity":"","overlay-gradient":""}},"footnotes":""},"class_list":["post-129","page","type-page","status-publish","hentry"],"_links":{"self":[{"href":"https:\/\/domaine-lafond.com\/index.php\/wp-json\/wp\/v2\/pages\/129","targetHints":{"allow":["GET"]}}],"collection":[{"href":"https:\/\/domaine-lafond.com\/index.php\/wp-json\/wp\/v2\/pages"}],"about":[{"href":"https:\/\/domaine-lafond.com\/index.php\/wp-json\/wp\/v2\/types\/page"}],"author":[{"embeddable":true,"href":"https:\/\/domaine-lafond.com\/index.php\/wp-json\/wp\/v2\/users\/1"}],"replies":[{"embeddable":true,"href":"https:\/\/domaine-lafond.com\/index.php\/wp-json\/wp\/v2\/comments?post=129"}],"version-history":[{"count":16,"href":"https:\/\/domaine-lafond.com\/index.php\/wp-json\/wp\/v2\/pages\/129\/revisions"}],"predecessor-version":[{"id":241,"href":"https:\/\/domaine-lafond.com\/index.php\/wp-json\/wp\/v2\/pages\/129\/revisions\/241"}],"wp:attachment":[{"href":"https:\/\/domaine-lafond.com\/index.php\/wp-json\/wp\/v2\/media?parent=129"}],"curies":[{"name":"wp","href":"https:\/\/api.w.org\/{rel}","templated":true}]}}