{"id":110,"date":"2024-07-16T22:27:45","date_gmt":"2024-07-16T20:27:45","guid":{"rendered":"https:\/\/domaine-lafond.com\/?page_id=110"},"modified":"2024-10-11T22:54:35","modified_gmt":"2024-10-11T20:54:35","slug":"tavel","status":"publish","type":"page","link":"https:\/\/domaine-lafond.com\/index.php\/tavel\/","title":{"rendered":"TAVEL"},"content":{"rendered":"\n<div class=\"wp-block-media-text is-stacked-on-mobile\" style=\"grid-template-columns:23% auto\"><figure class=\"wp-block-media-text__media\"><img loading=\"lazy\" decoding=\"async\" width=\"222\" height=\"917\" src=\"https:\/\/domaine-lafond.com\/wp-content\/uploads\/2024\/07\/TavelRose.jpg\" alt=\"\" class=\"wp-image-111 size-full\"\/><\/figure><div class=\"wp-block-media-text__content\">\n<p class=\"has-text-align-center has-large-font-size\"><strong><mark style=\"background-color:rgba(0, 0, 0, 0)\" class=\"has-inline-color has-ast-global-color-1-color\">TAVEL<\/mark><\/strong><\/p>\n\n\n\n<p class=\"has-text-align-center\"><strong><mark style=\"background-color:rgba(0, 0, 0, 0)\" class=\"has-inline-color has-ast-global-color-1-color\">\u00ab Roc-Epine \u00bb<\/mark><\/strong><\/p>\n\n\n\n<figure class=\"wp-block-image size-full is-resized\"><a href=\"https:\/\/domaine-lafond.com\/vins\/tavelrocepine_fr.pdf\" target=\"_blank\" rel=\"noreferrer noopener\"><img loading=\"lazy\" decoding=\"async\" width=\"225\" height=\"225\" src=\"http:\/\/domaine-lafond.com\/wp-content\/uploads\/2024\/10\/pdfb.png\" alt=\"\" class=\"wp-image-216\" style=\"width:60px\" srcset=\"https:\/\/domaine-lafond.com\/wp-content\/uploads\/2024\/10\/pdfb.png 225w, https:\/\/domaine-lafond.com\/wp-content\/uploads\/2024\/10\/pdfb-150x150.png 150w\" sizes=\"auto, (max-width: 225px) 100vw, 225px\" \/><\/a><\/figure>\n\n\n\n<p><\/p>\n\n\n\n<p><strong><mark style=\"background-color:rgba(0, 0, 0, 0)\" class=\"has-inline-color has-ast-global-color-1-color\">C\u00c9PAGES : <\/mark><\/strong>Grenache 60%, Cinsault 20%, Syrah 20%.<\/p>\n\n\n\n<p><strong><mark style=\"background-color:rgba(0, 0, 0, 0)\" class=\"has-inline-color has-ast-global-color-1-color\">NATURE DU SOL : <\/mark><\/strong>Trois formations g\u00e9ologiques calcaires, l\u00e9g\u00e8res et filtrantes ; sable<br>fluviatile et galets roulets ; cailloutis calcaires et argile rouge ; argile rouge et galets<br>quartziques.<\/p>\n\n\n\n<p><strong><mark style=\"background-color:rgba(0, 0, 0, 0)\" class=\"has-inline-color has-ast-global-color-1-color\">CLIMAT : <\/mark><\/strong>Temp\u00e9r\u00e9 chaud, m\u00e9diterran\u00e9en et tr\u00e8s vent\u00e9, TAVEL est situ\u00e9 dans l\u2019axe de la<br>vall\u00e9e du Rh\u00f4ne.<br>Ensoleillement de 2 700 heures\/an en moyenne.<\/p>\n\n\n\n<p><strong><mark style=\"background-color:rgba(0, 0, 0, 0)\" class=\"has-inline-color has-ast-global-color-1-color\">VENDANGES : <\/mark><\/strong>Le raisin est ramass\u00e9 \u00e0 la machine et \u00e0 la main, dans un but qualitatif : les<br>grappes tri\u00e9es par le vendangeur, arrivent intactes \u00e0 la cave \u00e9vitant ainsi tout ph\u00e9nom\u00e8ne<br>d\u2019oxydation.<\/p>\n\n\n\n<p><mark style=\"background-color:rgba(0, 0, 0, 0)\" class=\"has-inline-color has-ast-global-color-1-color\"><strong>M\u00c9THODE DE VINIFICATION : <\/strong><\/mark>Egrappage \u00e0 100%, puis mac\u00e9ration de 48 heures entre<br>8\u00b0C et 10\u00b0C, afin d\u2019obtenir une couleur plus intense, davantage d\u2019ar\u00f4mes et plus de<br>concentration. Les deux \u00e9tapes qui suivent sont le pressurage et la fermentation \u00e0 basse<br>temp\u00e9rature (16 \u00e0 20\u00b0C) pendant 8 \u00e0 10 jours.<\/p>\n\n\n\n<p><strong><mark style=\"background-color:rgba(0, 0, 0, 0)\" class=\"has-inline-color has-ast-global-color-1-color\">BOUQUET : <\/mark><\/strong>Le TAVEL \u00ab Roc-Epine \u00bb se caract\u00e9rise par une couleur d\u2019un rose tendre tr\u00e8s<br>pur. Les ar\u00f4mes dominants sont complexes, fruits rouges et blancs s\u2019associent \u00e0 des notes<br>florales. Au cours du temps ces ar\u00f4mes fruit\u00e9s \u00e9voluent vers des notes plus moelleuses,<br>avec des touches d\u2019\u00e9pices et de fruits \u00e0 noyaux, tandis que la couleur s\u2019irise de reflets<br>ambr\u00e9s. Il dispose, d\u00e8s la premi\u00e8re ann\u00e9e, de tous ses ar\u00f4mes mais poss\u00e8de une<br>exceptionnelle potentialit\u00e9 au vieillissement.<\/p>\n\n\n\n<p><strong><mark style=\"background-color:rgba(0, 0, 0, 0)\" class=\"has-inline-color has-ast-global-color-1-color\">CONSERVATION : <\/mark><\/strong>Le vin aime \u00eatre conserv\u00e9 en lieu sombre, \u00e0 temp\u00e9rature et hygrom\u00e9trie constante. La fra\u00eecheur<br>est son alli\u00e9 d\u2019autant plus que l\u2019altitude. Pour des conditions optimales de conservation, nous vous conseillons de<br>garder vos bouteilles \u00e0 une temp\u00e9rature maximale de 16\u00b0C, et entre 70 et 85% d\u2019humidit\u00e9.<\/p>\n<\/div><\/div>\n","protected":false},"excerpt":{"rendered":"","protected":false},"author":1,"featured_media":0,"parent":0,"menu_order":0,"comment_status":"closed","ping_status":"closed","template":"","meta":{"site-sidebar-layout":"default","site-content-layout":"","ast-site-content-layout":"","site-content-style":"default","site-sidebar-style":"default","ast-global-header-display":"","ast-banner-title-visibility":"","ast-main-header-display":"","ast-hfb-above-header-display":"","ast-hfb-below-header-display":"","ast-hfb-mobile-header-display":"","site-post-title":"","ast-breadcrumbs-content":"","ast-featured-img":"","footer-sml-layout":"","theme-transparent-header-meta":"","adv-header-id-meta":"","stick-header-meta":"","header-above-stick-meta":"","header-main-stick-meta":"","header-below-stick-meta":"","astra-migrate-meta-layouts":"default","ast-page-background-enabled":"default","ast-page-background-meta":{"desktop":{"background-color":"var(--ast-global-color-4)","background-image":"","background-repeat":"repeat","background-position":"center center","background-size":"auto","background-attachment":"scroll","background-type":"","background-media":"","overlay-type":"","overlay-color":"","overlay-opacity":"","overlay-gradient":""},"tablet":{"background-color":"","background-image":"","background-repeat":"repeat","background-position":"center center","background-size":"auto","background-attachment":"scroll","background-type":"","background-media":"","overlay-type":"","overlay-color":"","overlay-opacity":"","overlay-gradient":""},"mobile":{"background-color":"","background-image":"","background-repeat":"repeat","background-position":"center center","background-size":"auto","background-attachment":"scroll","background-type":"","background-media":"","overlay-type":"","overlay-color":"","overlay-opacity":"","overlay-gradient":""}},"ast-content-background-meta":{"desktop":{"background-color":"var(--ast-global-color-5)","background-image":"","background-repeat":"repeat","background-position":"center center","background-size":"auto","background-attachment":"scroll","background-type":"","background-media":"","overlay-type":"","overlay-color":"","overlay-opacity":"","overlay-gradient":""},"tablet":{"background-color":"var(--ast-global-color-5)","background-image":"","background-repeat":"repeat","background-position":"center center","background-size":"auto","background-attachment":"scroll","background-type":"","background-media":"","overlay-type":"","overlay-color":"","overlay-opacity":"","overlay-gradient":""},"mobile":{"background-color":"var(--ast-global-color-5)","background-image":"","background-repeat":"repeat","background-position":"center center","background-size":"auto","background-attachment":"scroll","background-type":"","background-media":"","overlay-type":"","overlay-color":"","overlay-opacity":"","overlay-gradient":""}},"footnotes":""},"class_list":["post-110","page","type-page","status-publish","hentry"],"_links":{"self":[{"href":"https:\/\/domaine-lafond.com\/index.php\/wp-json\/wp\/v2\/pages\/110","targetHints":{"allow":["GET"]}}],"collection":[{"href":"https:\/\/domaine-lafond.com\/index.php\/wp-json\/wp\/v2\/pages"}],"about":[{"href":"https:\/\/domaine-lafond.com\/index.php\/wp-json\/wp\/v2\/types\/page"}],"author":[{"embeddable":true,"href":"https:\/\/domaine-lafond.com\/index.php\/wp-json\/wp\/v2\/users\/1"}],"replies":[{"embeddable":true,"href":"https:\/\/domaine-lafond.com\/index.php\/wp-json\/wp\/v2\/comments?post=110"}],"version-history":[{"count":2,"href":"https:\/\/domaine-lafond.com\/index.php\/wp-json\/wp\/v2\/pages\/110\/revisions"}],"predecessor-version":[{"id":236,"href":"https:\/\/domaine-lafond.com\/index.php\/wp-json\/wp\/v2\/pages\/110\/revisions\/236"}],"wp:attachment":[{"href":"https:\/\/domaine-lafond.com\/index.php\/wp-json\/wp\/v2\/media?parent=110"}],"curies":[{"name":"wp","href":"https:\/\/api.w.org\/{rel}","templated":true}]}}